{"id":437,"date":"2025-07-29T12:54:59","date_gmt":"2025-07-29T11:54:59","guid":{"rendered":"https:\/\/wahsoft.com\/?page_id=437"},"modified":"2025-07-29T12:55:00","modified_gmt":"2025-07-29T11:55:00","slug":"gestion-adherents-club-sportif","status":"publish","type":"page","link":"https:\/\/wahsoft.com\/index.php\/gestion-adherents-club-sportif\/","title":{"rendered":"Gestion adherents Club Sportif"},"content":{"rendered":"\n<figure class=\"wp-block-image aligncenter size-full is-resized\"><img loading=\"lazy\" decoding=\"async\" width=\"480\" height=\"480\" src=\"https:\/\/wahsoft.com\/wp-content\/uploads\/2025\/07\/unnamed-5.webp\" alt=\"\" class=\"wp-image-444\" style=\"object-fit:cover;width:80px;height:80px\" srcset=\"https:\/\/wahsoft.com\/wp-content\/uploads\/2025\/07\/unnamed-5.webp 480w, https:\/\/wahsoft.com\/wp-content\/uploads\/2025\/07\/unnamed-5-300x300.webp 300w, https:\/\/wahsoft.com\/wp-content\/uploads\/2025\/07\/unnamed-5-150x150.webp 150w\" sizes=\"auto, (max-width: 480px) 100vw, 480px\" \/><\/figure>\n\n\n\n<div class=\"wp-block-group alignfull is-layout-constrained wp-container-core-group-is-layout-490fa1db wp-block-group-is-layout-constrained\" style=\"padding-top:var(--wp--preset--spacing--50);padding-right:var(--wp--preset--spacing--50);padding-bottom:var(--wp--preset--spacing--50);padding-left:var(--wp--preset--spacing--50)\">\n<div class=\"wp-block-group is-layout-constrained wp-container-core-group-is-layout-650790e1 wp-block-group-is-layout-constrained\">\n<p class=\"has-text-align-center\">Gestion Adherent Club Sportif est une application puissante et intuitive con\u00e7ue pour les clubs sportifs, associations et centres d\u2019activit\u00e9s souhaitant g\u00e9rer efficacement leurs membres, groupes, paiements, absences et assurances, le tout dans un environnement s\u00e9curis\u00e9.<\/p>\n<\/div>\n\n\n\n<figure class=\"wp-block-image aligncenter size-large is-resized\"><a href=\"https:\/\/play.google.com\/store\/apps\/details?id=com.wahsoft.piscine&amp;hl=fr\"><img decoding=\"async\" src=\"https:\/\/play.google.com\/intl\/en_us\/badges\/images\/generic\/fr-play-badge.png\" alt=\"\" style=\"width:227px;height:auto\"\/><\/a><\/figure>\n\n\n\n<div style=\"height:var(--wp--preset--spacing--30)\" aria-hidden=\"true\" class=\"wp-block-spacer\"><\/div>\n\n\n\n<figure class=\"wp-block-gallery has-nested-images columns-default is-cropped wp-block-gallery-1 is-layout-flex wp-block-gallery-is-layout-flex\">\n<figure class=\"wp-block-image size-full\"><a href=\"https:\/\/wahsoft.com\/wp-content\/uploads\/2023\/11\/Screenshot_20230824_154736.png\"><img loading=\"lazy\" decoding=\"async\" width=\"1080\" height=\"2400\" data-id=\"76\" src=\"https:\/\/wahsoft.com\/wp-content\/uploads\/2023\/11\/Screenshot_20230824_154736.png\" alt=\"Importer la liste des produits depuis un fichier Excel\" class=\"wp-image-76\" srcset=\"https:\/\/wahsoft.com\/wp-content\/uploads\/2023\/11\/Screenshot_20230824_154736.png 1080w, https:\/\/wahsoft.com\/wp-content\/uploads\/2023\/11\/Screenshot_20230824_154736-135x300.png 135w, https:\/\/wahsoft.com\/wp-content\/uploads\/2023\/11\/Screenshot_20230824_154736-461x1024.png 461w, https:\/\/wahsoft.com\/wp-content\/uploads\/2023\/11\/Screenshot_20230824_154736-768x1707.png 768w, https:\/\/wahsoft.com\/wp-content\/uploads\/2023\/11\/Screenshot_20230824_154736-691x1536.png 691w, https:\/\/wahsoft.com\/wp-content\/uploads\/2023\/11\/Screenshot_20230824_154736-922x2048.png 922w\" sizes=\"auto, (max-width: 1080px) 100vw, 1080px\" \/><\/a><\/figure>\n\n\n\n<figure class=\"wp-block-image size-full\"><img loading=\"lazy\" decoding=\"async\" width=\"266\" height=\"592\" data-id=\"443\" src=\"https:\/\/wahsoft.com\/wp-content\/uploads\/2025\/07\/unnamed-7.webp\" alt=\"\" class=\"wp-image-443\" srcset=\"https:\/\/wahsoft.com\/wp-content\/uploads\/2025\/07\/unnamed-7.webp 266w, https:\/\/wahsoft.com\/wp-content\/uploads\/2025\/07\/unnamed-7-135x300.webp 135w\" sizes=\"auto, (max-width: 266px) 100vw, 266px\" \/><\/figure>\n\n\n\n<figure class=\"wp-block-image size-full\"><img loading=\"lazy\" decoding=\"async\" width=\"266\" height=\"592\" data-id=\"442\" src=\"https:\/\/wahsoft.com\/wp-content\/uploads\/2025\/07\/unnamed-8.webp\" alt=\"\" class=\"wp-image-442\" srcset=\"https:\/\/wahsoft.com\/wp-content\/uploads\/2025\/07\/unnamed-8.webp 266w, https:\/\/wahsoft.com\/wp-content\/uploads\/2025\/07\/unnamed-8-135x300.webp 135w\" sizes=\"auto, (max-width: 266px) 100vw, 266px\" \/><\/figure>\n\n\n\n<figure class=\"wp-block-image size-full\"><img loading=\"lazy\" decoding=\"async\" width=\"266\" height=\"592\" data-id=\"441\" src=\"https:\/\/wahsoft.com\/wp-content\/uploads\/2025\/07\/unnamed-9.webp\" alt=\"\" class=\"wp-image-441\" srcset=\"https:\/\/wahsoft.com\/wp-content\/uploads\/2025\/07\/unnamed-9.webp 266w, https:\/\/wahsoft.com\/wp-content\/uploads\/2025\/07\/unnamed-9-135x300.webp 135w\" sizes=\"auto, (max-width: 266px) 100vw, 266px\" \/><\/figure>\n\n\n\n<figure class=\"wp-block-image size-full\"><img loading=\"lazy\" decoding=\"async\" width=\"266\" height=\"592\" data-id=\"440\" src=\"https:\/\/wahsoft.com\/wp-content\/uploads\/2025\/07\/unnamed-10.webp\" alt=\"\" class=\"wp-image-440\" srcset=\"https:\/\/wahsoft.com\/wp-content\/uploads\/2025\/07\/unnamed-10.webp 266w, https:\/\/wahsoft.com\/wp-content\/uploads\/2025\/07\/unnamed-10-135x300.webp 135w\" sizes=\"auto, (max-width: 266px) 100vw, 266px\" \/><\/figure>\n<\/figure>\n<\/div>\n\n\n\n<div class=\"wp-block-group alignfull has-base-2-background-color has-background is-layout-constrained wp-container-core-group-is-layout-669513ed wp-block-group-is-layout-constrained\" style=\"margin-top:0;margin-bottom:0;padding-top:var(--wp--preset--spacing--50);padding-right:var(--wp--preset--spacing--50);padding-bottom:var(--wp--preset--spacing--50);padding-left:var(--wp--preset--spacing--50)\">\n<div style=\"margin-top:0;margin-bottom:0;height:var(--wp--preset--spacing--40)\" aria-hidden=\"true\" class=\"wp-block-spacer\"><\/div>\n\n\n\n<div class=\"wp-block-columns alignwide is-layout-flex wp-container-core-columns-is-layout-d0bbbce0 wp-block-columns-is-layout-flex\">\n<div class=\"wp-block-column is-layout-flow wp-container-core-column-is-layout-e3d1c41b wp-block-column-is-layout-flow\"><\/div>\n\n\n\n<div class=\"wp-block-column is-layout-flow wp-container-core-column-is-layout-e3d1c41b wp-block-column-is-layout-flow\"><\/div>\n<\/div>\n\n\n\n<div style=\"height:var(--wp--preset--spacing--20)\" aria-hidden=\"true\" class=\"wp-block-spacer\"><\/div>\n\n\n\n<div class=\"wp-block-columns alignwide is-layout-flex wp-container-core-columns-is-layout-d0bbbce0 wp-block-columns-is-layout-flex\">\n<div class=\"wp-block-column is-layout-flow wp-container-core-column-is-layout-e3d1c41b wp-block-column-is-layout-flow\"><\/div>\n\n\n\n<div class=\"wp-block-column is-layout-flow wp-container-core-column-is-layout-e3d1c41b wp-block-column-is-layout-flow\" style=\"flex-basis:100%\">\n<h3 class=\"wp-block-heading has-text-align-center is-style-asterisk has-body-font-family has-medium-font-size\" style=\"font-style:normal;font-weight:600\">C&rsquo;est totalement gratuit!<\/h3>\n\n\n\n<p class=\"has-text-align-center\">Vous pouvez la t\u00e9l\u00e9charger directement depuis Google Playstore.<\/p>\n\n\n\n<figure class=\"wp-block-image aligncenter size-large is-resized\"><a href=\"play.google.com\/store\/apps\/details?id=com.wahsoft.piscine&amp;hl=fr \u2197\"><img decoding=\"async\" src=\"https:\/\/play.google.com\/intl\/en_us\/badges\/images\/generic\/fr-play-badge.png\" alt=\"\" style=\"width:227px;height:auto\"\/><\/a><\/figure>\n<\/div>\n<\/div>\n<\/div>\n","protected":false},"excerpt":{"rendered":"<p>Gestion Adherent Club Sportif est une application puissante et intuitive con\u00e7ue pour les clubs sportifs, associations et centres d\u2019activit\u00e9s souhaitant g\u00e9rer efficacement leurs membres, groupes, paiements, absences et assurances, le tout dans un environnement s\u00e9curis\u00e9. C&rsquo;est totalement gratuit! Vous pouvez la t\u00e9l\u00e9charger directement depuis Google Playstore.<\/p>\n","protected":false},"author":1,"featured_media":0,"parent":0,"menu_order":0,"comment_status":"closed","ping_status":"closed","template":"","meta":{"footnotes":""},"class_list":["post-437","page","type-page","status-publish","hentry"],"blocksy_meta":[],"yoast_head":"<!-- This site is optimized with the Yoast SEO plugin v27.5 - https:\/\/yoast.com\/product\/yoast-seo-wordpress\/ -->\n<title>Gestion adherents Club Sportif - WahSoft<\/title>\n<meta name=\"description\" content=\"Application pour les clubs sportifs, associations et centres d\u2019activit\u00e9s souhaitant g\u00e9rer efficacement leurs membres, groupes, paiements, absences et assurances, le tout dans un environnement s\u00e9curis\u00e9\" \/>\n<meta name=\"robots\" content=\"index, follow, max-snippet:-1, max-image-preview:large, max-video-preview:-1\" \/>\n<link rel=\"canonical\" href=\"https:\/\/wahsoft.com\/index.php\/gestion-adherents-club-sportif\/\" \/>\n<meta property=\"og:locale\" content=\"fr_FR\" \/>\n<meta property=\"og:type\" content=\"article\" \/>\n<meta property=\"og:title\" content=\"Gestion adherents Club Sportif - WahSoft\" \/>\n<meta property=\"og:description\" content=\"Application pour les clubs sportifs, associations et centres d\u2019activit\u00e9s souhaitant g\u00e9rer efficacement leurs membres, groupes, paiements, absences et assurances, le tout dans un environnement s\u00e9curis\u00e9\" \/>\n<meta property=\"og:url\" content=\"https:\/\/wahsoft.com\/index.php\/gestion-adherents-club-sportif\/\" \/>\n<meta property=\"og:site_name\" content=\"WahSoft\" \/>\n<meta property=\"article:publisher\" content=\"https:\/\/www.facebook.com\/profile.php?id=61555161760474\" \/>\n<meta property=\"article:modified_time\" content=\"2025-07-29T11:55:00+00:00\" \/>\n<meta property=\"og:image\" content=\"https:\/\/wahsoft.com\/wp-content\/uploads\/2025\/07\/unnamed-5.webp\" \/>\n\t<meta property=\"og:image:width\" content=\"480\" \/>\n\t<meta property=\"og:image:height\" content=\"480\" \/>\n\t<meta property=\"og:image:type\" content=\"image\/webp\" \/>\n<meta name=\"twitter:card\" content=\"summary_large_image\" \/>\n<meta name=\"twitter:label1\" content=\"Dur\u00e9e de lecture estim\u00e9e\" \/>\n\t<meta name=\"twitter:data1\" content=\"2 minutes\" \/>\n<script type=\"application\/ld+json\" class=\"yoast-schema-graph\">{\"@context\":\"https:\\\/\\\/schema.org\",\"@graph\":[{\"@type\":\"WebPage\",\"@id\":\"https:\\\/\\\/wahsoft.com\\\/index.php\\\/gestion-adherents-club-sportif\\\/\",\"url\":\"https:\\\/\\\/wahsoft.com\\\/index.php\\\/gestion-adherents-club-sportif\\\/\",\"name\":\"Gestion adherents Club Sportif - WahSoft\",\"isPartOf\":{\"@id\":\"https:\\\/\\\/wahsoft.com\\\/#website\"},\"primaryImageOfPage\":{\"@id\":\"https:\\\/\\\/wahsoft.com\\\/index.php\\\/gestion-adherents-club-sportif\\\/#primaryimage\"},\"image\":{\"@id\":\"https:\\\/\\\/wahsoft.com\\\/index.php\\\/gestion-adherents-club-sportif\\\/#primaryimage\"},\"thumbnailUrl\":\"https:\\\/\\\/wahsoft.com\\\/wp-content\\\/uploads\\\/2025\\\/07\\\/unnamed-5.webp\",\"datePublished\":\"2025-07-29T11:54:59+00:00\",\"dateModified\":\"2025-07-29T11:55:00+00:00\",\"description\":\"Application pour les clubs sportifs, associations et centres d\u2019activit\u00e9s souhaitant g\u00e9rer efficacement leurs membres, groupes, paiements, absences et assurances, le tout dans un environnement s\u00e9curis\u00e9\",\"breadcrumb\":{\"@id\":\"https:\\\/\\\/wahsoft.com\\\/index.php\\\/gestion-adherents-club-sportif\\\/#breadcrumb\"},\"inLanguage\":\"fr-FR\",\"potentialAction\":[{\"@type\":\"ReadAction\",\"target\":[\"https:\\\/\\\/wahsoft.com\\\/index.php\\\/gestion-adherents-club-sportif\\\/\"]}]},{\"@type\":\"ImageObject\",\"inLanguage\":\"fr-FR\",\"@id\":\"https:\\\/\\\/wahsoft.com\\\/index.php\\\/gestion-adherents-club-sportif\\\/#primaryimage\",\"url\":\"https:\\\/\\\/wahsoft.com\\\/wp-content\\\/uploads\\\/2025\\\/07\\\/unnamed-5.webp\",\"contentUrl\":\"https:\\\/\\\/wahsoft.com\\\/wp-content\\\/uploads\\\/2025\\\/07\\\/unnamed-5.webp\",\"width\":480,\"height\":480},{\"@type\":\"BreadcrumbList\",\"@id\":\"https:\\\/\\\/wahsoft.com\\\/index.php\\\/gestion-adherents-club-sportif\\\/#breadcrumb\",\"itemListElement\":[{\"@type\":\"ListItem\",\"position\":1,\"name\":\"Accueil\",\"item\":\"https:\\\/\\\/wahsoft.com\\\/\"},{\"@type\":\"ListItem\",\"position\":2,\"name\":\"Gestion adherents Club Sportif\"}]},{\"@type\":\"WebSite\",\"@id\":\"https:\\\/\\\/wahsoft.com\\\/#website\",\"url\":\"https:\\\/\\\/wahsoft.com\\\/\",\"name\":\"WahSoft\",\"description\":\"\",\"publisher\":{\"@id\":\"https:\\\/\\\/wahsoft.com\\\/#organization\"},\"potentialAction\":[{\"@type\":\"SearchAction\",\"target\":{\"@type\":\"EntryPoint\",\"urlTemplate\":\"https:\\\/\\\/wahsoft.com\\\/?s={search_term_string}\"},\"query-input\":{\"@type\":\"PropertyValueSpecification\",\"valueRequired\":true,\"valueName\":\"search_term_string\"}}],\"inLanguage\":\"fr-FR\"},{\"@type\":\"Organization\",\"@id\":\"https:\\\/\\\/wahsoft.com\\\/#organization\",\"name\":\"WahSoft\",\"url\":\"https:\\\/\\\/wahsoft.com\\\/\",\"logo\":{\"@type\":\"ImageObject\",\"inLanguage\":\"fr-FR\",\"@id\":\"https:\\\/\\\/wahsoft.com\\\/#\\\/schema\\\/logo\\\/image\\\/\",\"url\":\"https:\\\/\\\/wahsoft.com\\\/wp-content\\\/uploads\\\/2024\\\/04\\\/logo11111-e1712284610931.png\",\"contentUrl\":\"https:\\\/\\\/wahsoft.com\\\/wp-content\\\/uploads\\\/2024\\\/04\\\/logo11111-e1712284610931.png\",\"width\":240,\"height\":63,\"caption\":\"WahSoft\"},\"image\":{\"@id\":\"https:\\\/\\\/wahsoft.com\\\/#\\\/schema\\\/logo\\\/image\\\/\"},\"sameAs\":[\"https:\\\/\\\/www.facebook.com\\\/profile.php?id=61555161760474\"]}]}<\/script>\n<!-- \/ Yoast SEO plugin. -->","yoast_head_json":{"title":"Gestion adherents Club Sportif - WahSoft","description":"Application pour les clubs sportifs, associations et centres d\u2019activit\u00e9s souhaitant g\u00e9rer efficacement leurs membres, groupes, paiements, absences et assurances, le tout dans un environnement s\u00e9curis\u00e9","robots":{"index":"index","follow":"follow","max-snippet":"max-snippet:-1","max-image-preview":"max-image-preview:large","max-video-preview":"max-video-preview:-1"},"canonical":"https:\/\/wahsoft.com\/index.php\/gestion-adherents-club-sportif\/","og_locale":"fr_FR","og_type":"article","og_title":"Gestion adherents Club Sportif - WahSoft","og_description":"Application pour les clubs sportifs, associations et centres d\u2019activit\u00e9s souhaitant g\u00e9rer efficacement leurs membres, groupes, paiements, absences et assurances, le tout dans un environnement s\u00e9curis\u00e9","og_url":"https:\/\/wahsoft.com\/index.php\/gestion-adherents-club-sportif\/","og_site_name":"WahSoft","article_publisher":"https:\/\/www.facebook.com\/profile.php?id=61555161760474","article_modified_time":"2025-07-29T11:55:00+00:00","og_image":[{"width":480,"height":480,"url":"https:\/\/wahsoft.com\/wp-content\/uploads\/2025\/07\/unnamed-5.webp","type":"image\/webp"}],"twitter_card":"summary_large_image","twitter_misc":{"Dur\u00e9e de lecture estim\u00e9e":"2 minutes"},"schema":{"@context":"https:\/\/schema.org","@graph":[{"@type":"WebPage","@id":"https:\/\/wahsoft.com\/index.php\/gestion-adherents-club-sportif\/","url":"https:\/\/wahsoft.com\/index.php\/gestion-adherents-club-sportif\/","name":"Gestion adherents Club Sportif - WahSoft","isPartOf":{"@id":"https:\/\/wahsoft.com\/#website"},"primaryImageOfPage":{"@id":"https:\/\/wahsoft.com\/index.php\/gestion-adherents-club-sportif\/#primaryimage"},"image":{"@id":"https:\/\/wahsoft.com\/index.php\/gestion-adherents-club-sportif\/#primaryimage"},"thumbnailUrl":"https:\/\/wahsoft.com\/wp-content\/uploads\/2025\/07\/unnamed-5.webp","datePublished":"2025-07-29T11:54:59+00:00","dateModified":"2025-07-29T11:55:00+00:00","description":"Application pour les clubs sportifs, associations et centres d\u2019activit\u00e9s souhaitant g\u00e9rer efficacement leurs membres, groupes, paiements, absences et assurances, le tout dans un environnement s\u00e9curis\u00e9","breadcrumb":{"@id":"https:\/\/wahsoft.com\/index.php\/gestion-adherents-club-sportif\/#breadcrumb"},"inLanguage":"fr-FR","potentialAction":[{"@type":"ReadAction","target":["https:\/\/wahsoft.com\/index.php\/gestion-adherents-club-sportif\/"]}]},{"@type":"ImageObject","inLanguage":"fr-FR","@id":"https:\/\/wahsoft.com\/index.php\/gestion-adherents-club-sportif\/#primaryimage","url":"https:\/\/wahsoft.com\/wp-content\/uploads\/2025\/07\/unnamed-5.webp","contentUrl":"https:\/\/wahsoft.com\/wp-content\/uploads\/2025\/07\/unnamed-5.webp","width":480,"height":480},{"@type":"BreadcrumbList","@id":"https:\/\/wahsoft.com\/index.php\/gestion-adherents-club-sportif\/#breadcrumb","itemListElement":[{"@type":"ListItem","position":1,"name":"Accueil","item":"https:\/\/wahsoft.com\/"},{"@type":"ListItem","position":2,"name":"Gestion adherents Club Sportif"}]},{"@type":"WebSite","@id":"https:\/\/wahsoft.com\/#website","url":"https:\/\/wahsoft.com\/","name":"WahSoft","description":"","publisher":{"@id":"https:\/\/wahsoft.com\/#organization"},"potentialAction":[{"@type":"SearchAction","target":{"@type":"EntryPoint","urlTemplate":"https:\/\/wahsoft.com\/?s={search_term_string}"},"query-input":{"@type":"PropertyValueSpecification","valueRequired":true,"valueName":"search_term_string"}}],"inLanguage":"fr-FR"},{"@type":"Organization","@id":"https:\/\/wahsoft.com\/#organization","name":"WahSoft","url":"https:\/\/wahsoft.com\/","logo":{"@type":"ImageObject","inLanguage":"fr-FR","@id":"https:\/\/wahsoft.com\/#\/schema\/logo\/image\/","url":"https:\/\/wahsoft.com\/wp-content\/uploads\/2024\/04\/logo11111-e1712284610931.png","contentUrl":"https:\/\/wahsoft.com\/wp-content\/uploads\/2024\/04\/logo11111-e1712284610931.png","width":240,"height":63,"caption":"WahSoft"},"image":{"@id":"https:\/\/wahsoft.com\/#\/schema\/logo\/image\/"},"sameAs":["https:\/\/www.facebook.com\/profile.php?id=61555161760474"]}]}},"_links":{"self":[{"href":"https:\/\/wahsoft.com\/index.php\/wp-json\/wp\/v2\/pages\/437","targetHints":{"allow":["GET"]}}],"collection":[{"href":"https:\/\/wahsoft.com\/index.php\/wp-json\/wp\/v2\/pages"}],"about":[{"href":"https:\/\/wahsoft.com\/index.php\/wp-json\/wp\/v2\/types\/page"}],"author":[{"embeddable":true,"href":"https:\/\/wahsoft.com\/index.php\/wp-json\/wp\/v2\/users\/1"}],"replies":[{"embeddable":true,"href":"https:\/\/wahsoft.com\/index.php\/wp-json\/wp\/v2\/comments?post=437"}],"version-history":[{"count":2,"href":"https:\/\/wahsoft.com\/index.php\/wp-json\/wp\/v2\/pages\/437\/revisions"}],"predecessor-version":[{"id":446,"href":"https:\/\/wahsoft.com\/index.php\/wp-json\/wp\/v2\/pages\/437\/revisions\/446"}],"wp:attachment":[{"href":"https:\/\/wahsoft.com\/index.php\/wp-json\/wp\/v2\/media?parent=437"}],"curies":[{"name":"wp","href":"https:\/\/api.w.org\/{rel}","templated":true}]}}