{"id":418,"date":"2025-07-29T12:46:04","date_gmt":"2025-07-29T11:46:04","guid":{"rendered":"https:\/\/wahsoft.com\/?page_id=418"},"modified":"2025-07-29T12:46:04","modified_gmt":"2025-07-29T11:46:04","slug":"gestion-de-budget-personel","status":"publish","type":"page","link":"https:\/\/wahsoft.com\/index.php\/gestion-de-budget-personel\/","title":{"rendered":"Gestion de Budget personel"},"content":{"rendered":"\n<figure class=\"wp-block-image aligncenter size-full is-resized\"><img loading=\"lazy\" decoding=\"async\" width=\"480\" height=\"480\" src=\"https:\/\/wahsoft.com\/wp-content\/uploads\/2025\/07\/unnamed.webp\" alt=\"\" class=\"wp-image-420\" style=\"object-fit:cover;width:80px;height:80px\" srcset=\"https:\/\/wahsoft.com\/wp-content\/uploads\/2025\/07\/unnamed.webp 480w, https:\/\/wahsoft.com\/wp-content\/uploads\/2025\/07\/unnamed-300x300.webp 300w, https:\/\/wahsoft.com\/wp-content\/uploads\/2025\/07\/unnamed-150x150.webp 150w\" sizes=\"auto, (max-width: 480px) 100vw, 480px\" \/><\/figure>\n\n\n\n<div class=\"wp-block-group alignfull is-layout-constrained wp-container-core-group-is-layout-490fa1db wp-block-group-is-layout-constrained\" style=\"padding-top:var(--wp--preset--spacing--50);padding-right:var(--wp--preset--spacing--50);padding-bottom:var(--wp--preset--spacing--50);padding-left:var(--wp--preset--spacing--50)\">\n<div class=\"wp-block-group is-layout-constrained wp-container-core-group-is-layout-650790e1 wp-block-group-is-layout-constrained\">\n<p class=\"has-text-align-center\">Gestion de Budget personel est une application moderne et intuitive qui vous aide \u00e0 suivre et \u00e0 comprendre votre situation financi\u00e8re globale. Inspir\u00e9e du c\u00e9l\u00e8bre blogueur Mr. Rip et de sa feuille de calcul de suivi de patrimoine, Gestion de Budget personel a \u00e9t\u00e9 pens\u00e9e pour rendre cette gestion accessible \u00e0 tous, sans avoir besoin de ma\u00eetriser Excel ou Google Sheets.<\/p>\n<\/div>\n\n\n\n<figure class=\"wp-block-image aligncenter size-large is-resized\"><a href=\"https:\/\/play.google.com\/store\/apps\/details?id=com.wah.inventaire\"><img decoding=\"async\" src=\"https:\/\/play.google.com\/intl\/en_us\/badges\/images\/generic\/fr-play-badge.png\" alt=\"\" style=\"width:227px;height:auto\"\/><\/a><\/figure>\n\n\n\n<div style=\"height:var(--wp--preset--spacing--30)\" aria-hidden=\"true\" class=\"wp-block-spacer\"><\/div>\n\n\n\n<figure class=\"wp-block-gallery has-nested-images columns-default is-cropped wp-block-gallery-1 is-layout-flex wp-block-gallery-is-layout-flex\">\n<figure class=\"wp-block-image size-full\"><img loading=\"lazy\" decoding=\"async\" width=\"1150\" height=\"2560\" data-id=\"430\" src=\"https:\/\/wahsoft.com\/wp-content\/uploads\/2025\/07\/Screenshot_1748798494-scaled.png\" alt=\"\" class=\"wp-image-430\" srcset=\"https:\/\/wahsoft.com\/wp-content\/uploads\/2025\/07\/Screenshot_1748798494-scaled.png 1150w, https:\/\/wahsoft.com\/wp-content\/uploads\/2025\/07\/Screenshot_1748798494-135x300.png 135w, https:\/\/wahsoft.com\/wp-content\/uploads\/2025\/07\/Screenshot_1748798494-460x1024.png 460w, https:\/\/wahsoft.com\/wp-content\/uploads\/2025\/07\/Screenshot_1748798494-768x1710.png 768w, https:\/\/wahsoft.com\/wp-content\/uploads\/2025\/07\/Screenshot_1748798494-690x1536.png 690w, https:\/\/wahsoft.com\/wp-content\/uploads\/2025\/07\/Screenshot_1748798494-920x2048.png 920w\" sizes=\"auto, (max-width: 1150px) 100vw, 1150px\" \/><\/figure>\n\n\n\n<figure class=\"wp-block-image size-full\"><a href=\"https:\/\/wahsoft.com\/wp-content\/uploads\/2025\/07\/unnamed-4.webp\"><img loading=\"lazy\" decoding=\"async\" width=\"1080\" height=\"2340\" data-id=\"431\" src=\"https:\/\/wahsoft.com\/wp-content\/uploads\/2025\/07\/unnamed-4.webp\" alt=\"\" class=\"wp-image-431\" srcset=\"https:\/\/wahsoft.com\/wp-content\/uploads\/2025\/07\/unnamed-4.webp 1080w, https:\/\/wahsoft.com\/wp-content\/uploads\/2025\/07\/unnamed-4-138x300.webp 138w, https:\/\/wahsoft.com\/wp-content\/uploads\/2025\/07\/unnamed-4-473x1024.webp 473w, https:\/\/wahsoft.com\/wp-content\/uploads\/2025\/07\/unnamed-4-768x1664.webp 768w, https:\/\/wahsoft.com\/wp-content\/uploads\/2025\/07\/unnamed-4-709x1536.webp 709w, https:\/\/wahsoft.com\/wp-content\/uploads\/2025\/07\/unnamed-4-945x2048.webp 945w\" sizes=\"auto, (max-width: 1080px) 100vw, 1080px\" \/><\/a><\/figure>\n\n\n\n<figure class=\"wp-block-image size-full\"><a href=\"https:\/\/wahsoft.com\/wp-content\/uploads\/2025\/07\/unnamed-3.webp\"><img loading=\"lazy\" decoding=\"async\" width=\"1080\" height=\"2340\" data-id=\"432\" src=\"https:\/\/wahsoft.com\/wp-content\/uploads\/2025\/07\/unnamed-3.webp\" alt=\"\" class=\"wp-image-432\" srcset=\"https:\/\/wahsoft.com\/wp-content\/uploads\/2025\/07\/unnamed-3.webp 1080w, https:\/\/wahsoft.com\/wp-content\/uploads\/2025\/07\/unnamed-3-138x300.webp 138w, https:\/\/wahsoft.com\/wp-content\/uploads\/2025\/07\/unnamed-3-473x1024.webp 473w, https:\/\/wahsoft.com\/wp-content\/uploads\/2025\/07\/unnamed-3-768x1664.webp 768w, https:\/\/wahsoft.com\/wp-content\/uploads\/2025\/07\/unnamed-3-709x1536.webp 709w, https:\/\/wahsoft.com\/wp-content\/uploads\/2025\/07\/unnamed-3-945x2048.webp 945w\" sizes=\"auto, (max-width: 1080px) 100vw, 1080px\" \/><\/a><\/figure>\n\n\n\n<figure class=\"wp-block-image size-full\"><a href=\"https:\/\/wahsoft.com\/wp-content\/uploads\/2025\/07\/unnamed-2-scaled.webp\"><img loading=\"lazy\" decoding=\"async\" width=\"1150\" height=\"2560\" data-id=\"433\" src=\"https:\/\/wahsoft.com\/wp-content\/uploads\/2025\/07\/unnamed-2-scaled.webp\" alt=\"\" class=\"wp-image-433\" srcset=\"https:\/\/wahsoft.com\/wp-content\/uploads\/2025\/07\/unnamed-2-scaled.webp 1150w, https:\/\/wahsoft.com\/wp-content\/uploads\/2025\/07\/unnamed-2-135x300.webp 135w, https:\/\/wahsoft.com\/wp-content\/uploads\/2025\/07\/unnamed-2-460x1024.webp 460w, https:\/\/wahsoft.com\/wp-content\/uploads\/2025\/07\/unnamed-2-768x1709.webp 768w, https:\/\/wahsoft.com\/wp-content\/uploads\/2025\/07\/unnamed-2-690x1536.webp 690w, https:\/\/wahsoft.com\/wp-content\/uploads\/2025\/07\/unnamed-2-920x2048.webp 920w\" sizes=\"auto, (max-width: 1150px) 100vw, 1150px\" \/><\/a><\/figure>\n\n\n\n<figure class=\"wp-block-image size-full\"><a href=\"https:\/\/wahsoft.com\/wp-content\/uploads\/2025\/07\/unnamed-1.webp\"><img loading=\"lazy\" decoding=\"async\" width=\"1080\" height=\"2340\" data-id=\"434\" src=\"https:\/\/wahsoft.com\/wp-content\/uploads\/2025\/07\/unnamed-1.webp\" alt=\"\" class=\"wp-image-434\" srcset=\"https:\/\/wahsoft.com\/wp-content\/uploads\/2025\/07\/unnamed-1.webp 1080w, https:\/\/wahsoft.com\/wp-content\/uploads\/2025\/07\/unnamed-1-138x300.webp 138w, https:\/\/wahsoft.com\/wp-content\/uploads\/2025\/07\/unnamed-1-473x1024.webp 473w, https:\/\/wahsoft.com\/wp-content\/uploads\/2025\/07\/unnamed-1-768x1664.webp 768w, https:\/\/wahsoft.com\/wp-content\/uploads\/2025\/07\/unnamed-1-709x1536.webp 709w, https:\/\/wahsoft.com\/wp-content\/uploads\/2025\/07\/unnamed-1-945x2048.webp 945w\" sizes=\"auto, (max-width: 1080px) 100vw, 1080px\" \/><\/a><\/figure>\n<\/figure>\n<\/div>\n\n\n\n<div class=\"wp-block-group alignfull has-base-2-background-color has-background is-layout-constrained wp-container-core-group-is-layout-669513ed wp-block-group-is-layout-constrained\" style=\"margin-top:0;margin-bottom:0;padding-top:var(--wp--preset--spacing--50);padding-right:var(--wp--preset--spacing--50);padding-bottom:var(--wp--preset--spacing--50);padding-left:var(--wp--preset--spacing--50)\">\n<div style=\"margin-top:0;margin-bottom:0;height:var(--wp--preset--spacing--40)\" aria-hidden=\"true\" class=\"wp-block-spacer\"><\/div>\n\n\n\n<div style=\"height:var(--wp--preset--spacing--20)\" aria-hidden=\"true\" class=\"wp-block-spacer\"><\/div>\n\n\n\n<div class=\"wp-block-columns alignwide is-layout-flex wp-container-core-columns-is-layout-d0bbbce0 wp-block-columns-is-layout-flex\">\n<div class=\"wp-block-column is-layout-flow wp-container-core-column-is-layout-e3d1c41b wp-block-column-is-layout-flow\"><\/div>\n\n\n\n<div class=\"wp-block-column is-layout-flow wp-container-core-column-is-layout-e3d1c41b wp-block-column-is-layout-flow\" style=\"flex-basis:100%\">\n<h3 class=\"wp-block-heading has-text-align-center is-style-asterisk has-body-font-family has-medium-font-size\" style=\"font-style:normal;font-weight:600\">C&rsquo;est totalement gratuit!<\/h3>\n\n\n\n<p class=\"has-text-align-center\">Vous pouvez la t\u00e9l\u00e9charger directement depuis Google Playstore.<\/p>\n\n\n\n<figure class=\"wp-block-image aligncenter size-large is-resized\"><a href=\"https:\/\/play.google.com\/store\/apps\/details?id=com.wahSoft.wahfinance\"><img decoding=\"async\" src=\"https:\/\/play.google.com\/intl\/en_us\/badges\/images\/generic\/fr-play-badge.png\" alt=\"\" style=\"width:227px;height:auto\"\/><\/a><\/figure>\n<\/div>\n<\/div>\n<\/div>\n","protected":false},"excerpt":{"rendered":"<p>Gestion de Budget personel est une application moderne et intuitive qui vous aide \u00e0 suivre et \u00e0 comprendre votre situation financi\u00e8re globale. Inspir\u00e9e du c\u00e9l\u00e8bre blogueur Mr. Rip et de sa feuille de calcul de suivi de patrimoine, Gestion de Budget personel a \u00e9t\u00e9 pens\u00e9e pour rendre cette gestion accessible \u00e0 tous, sans avoir besoin [&hellip;]<\/p>\n","protected":false},"author":1,"featured_media":0,"parent":0,"menu_order":0,"comment_status":"closed","ping_status":"closed","template":"","meta":{"footnotes":""},"class_list":["post-418","page","type-page","status-publish","hentry"],"blocksy_meta":[],"yoast_head":"<!-- This site is optimized with the Yoast SEO plugin v27.5 - https:\/\/yoast.com\/product\/yoast-seo-wordpress\/ -->\n<title>Gestion de Budget personel - WahSoft<\/title>\n<meta name=\"description\" content=\"Application moderne et intuitive qui vous aide \u00e0 suivre et \u00e0 comprendre votre situation financi\u00e8re globale. Pens\u00e9e pour rendre cette gestion accessible \u00e0 tous, sans avoir besoin de ma\u00eetriser Excel ou Google Sheets\" \/>\n<meta name=\"robots\" content=\"index, follow, max-snippet:-1, max-image-preview:large, max-video-preview:-1\" \/>\n<link rel=\"canonical\" href=\"https:\/\/wahsoft.com\/index.php\/gestion-de-budget-personel\/\" \/>\n<meta property=\"og:locale\" content=\"fr_FR\" \/>\n<meta property=\"og:type\" content=\"article\" \/>\n<meta property=\"og:title\" content=\"Gestion de Budget personel - WahSoft\" \/>\n<meta property=\"og:description\" content=\"Application moderne et intuitive qui vous aide \u00e0 suivre et \u00e0 comprendre votre situation financi\u00e8re globale. Pens\u00e9e pour rendre cette gestion accessible \u00e0 tous, sans avoir besoin de ma\u00eetriser Excel ou Google Sheets\" \/>\n<meta property=\"og:url\" content=\"https:\/\/wahsoft.com\/index.php\/gestion-de-budget-personel\/\" \/>\n<meta property=\"og:site_name\" content=\"WahSoft\" \/>\n<meta property=\"article:publisher\" content=\"https:\/\/www.facebook.com\/profile.php?id=61555161760474\" \/>\n<meta property=\"og:image\" content=\"https:\/\/wahsoft.com\/wp-content\/uploads\/2025\/07\/unnamed.webp\" \/>\n\t<meta property=\"og:image:width\" content=\"480\" \/>\n\t<meta property=\"og:image:height\" content=\"480\" \/>\n\t<meta property=\"og:image:type\" content=\"image\/webp\" \/>\n<meta name=\"twitter:card\" content=\"summary_large_image\" \/>\n<meta name=\"twitter:label1\" content=\"Dur\u00e9e de lecture estim\u00e9e\" \/>\n\t<meta name=\"twitter:data1\" content=\"2 minutes\" \/>\n<script type=\"application\/ld+json\" class=\"yoast-schema-graph\">{\"@context\":\"https:\\\/\\\/schema.org\",\"@graph\":[{\"@type\":\"WebPage\",\"@id\":\"https:\\\/\\\/wahsoft.com\\\/index.php\\\/gestion-de-budget-personel\\\/\",\"url\":\"https:\\\/\\\/wahsoft.com\\\/index.php\\\/gestion-de-budget-personel\\\/\",\"name\":\"Gestion de Budget personel - WahSoft\",\"isPartOf\":{\"@id\":\"https:\\\/\\\/wahsoft.com\\\/#website\"},\"primaryImageOfPage\":{\"@id\":\"https:\\\/\\\/wahsoft.com\\\/index.php\\\/gestion-de-budget-personel\\\/#primaryimage\"},\"image\":{\"@id\":\"https:\\\/\\\/wahsoft.com\\\/index.php\\\/gestion-de-budget-personel\\\/#primaryimage\"},\"thumbnailUrl\":\"https:\\\/\\\/wahsoft.com\\\/wp-content\\\/uploads\\\/2025\\\/07\\\/unnamed.webp\",\"datePublished\":\"2025-07-29T11:46:04+00:00\",\"description\":\"Application moderne et intuitive qui vous aide \u00e0 suivre et \u00e0 comprendre votre situation financi\u00e8re globale. Pens\u00e9e pour rendre cette gestion accessible \u00e0 tous, sans avoir besoin de ma\u00eetriser Excel ou Google Sheets\",\"breadcrumb\":{\"@id\":\"https:\\\/\\\/wahsoft.com\\\/index.php\\\/gestion-de-budget-personel\\\/#breadcrumb\"},\"inLanguage\":\"fr-FR\",\"potentialAction\":[{\"@type\":\"ReadAction\",\"target\":[\"https:\\\/\\\/wahsoft.com\\\/index.php\\\/gestion-de-budget-personel\\\/\"]}]},{\"@type\":\"ImageObject\",\"inLanguage\":\"fr-FR\",\"@id\":\"https:\\\/\\\/wahsoft.com\\\/index.php\\\/gestion-de-budget-personel\\\/#primaryimage\",\"url\":\"https:\\\/\\\/wahsoft.com\\\/wp-content\\\/uploads\\\/2025\\\/07\\\/unnamed.webp\",\"contentUrl\":\"https:\\\/\\\/wahsoft.com\\\/wp-content\\\/uploads\\\/2025\\\/07\\\/unnamed.webp\",\"width\":480,\"height\":480},{\"@type\":\"BreadcrumbList\",\"@id\":\"https:\\\/\\\/wahsoft.com\\\/index.php\\\/gestion-de-budget-personel\\\/#breadcrumb\",\"itemListElement\":[{\"@type\":\"ListItem\",\"position\":1,\"name\":\"Accueil\",\"item\":\"https:\\\/\\\/wahsoft.com\\\/\"},{\"@type\":\"ListItem\",\"position\":2,\"name\":\"Gestion de Budget personel\"}]},{\"@type\":\"WebSite\",\"@id\":\"https:\\\/\\\/wahsoft.com\\\/#website\",\"url\":\"https:\\\/\\\/wahsoft.com\\\/\",\"name\":\"WahSoft\",\"description\":\"\",\"publisher\":{\"@id\":\"https:\\\/\\\/wahsoft.com\\\/#organization\"},\"potentialAction\":[{\"@type\":\"SearchAction\",\"target\":{\"@type\":\"EntryPoint\",\"urlTemplate\":\"https:\\\/\\\/wahsoft.com\\\/?s={search_term_string}\"},\"query-input\":{\"@type\":\"PropertyValueSpecification\",\"valueRequired\":true,\"valueName\":\"search_term_string\"}}],\"inLanguage\":\"fr-FR\"},{\"@type\":\"Organization\",\"@id\":\"https:\\\/\\\/wahsoft.com\\\/#organization\",\"name\":\"WahSoft\",\"url\":\"https:\\\/\\\/wahsoft.com\\\/\",\"logo\":{\"@type\":\"ImageObject\",\"inLanguage\":\"fr-FR\",\"@id\":\"https:\\\/\\\/wahsoft.com\\\/#\\\/schema\\\/logo\\\/image\\\/\",\"url\":\"https:\\\/\\\/wahsoft.com\\\/wp-content\\\/uploads\\\/2024\\\/04\\\/logo11111-e1712284610931.png\",\"contentUrl\":\"https:\\\/\\\/wahsoft.com\\\/wp-content\\\/uploads\\\/2024\\\/04\\\/logo11111-e1712284610931.png\",\"width\":240,\"height\":63,\"caption\":\"WahSoft\"},\"image\":{\"@id\":\"https:\\\/\\\/wahsoft.com\\\/#\\\/schema\\\/logo\\\/image\\\/\"},\"sameAs\":[\"https:\\\/\\\/www.facebook.com\\\/profile.php?id=61555161760474\"]}]}<\/script>\n<!-- \/ Yoast SEO plugin. -->","yoast_head_json":{"title":"Gestion de Budget personel - WahSoft","description":"Application moderne et intuitive qui vous aide \u00e0 suivre et \u00e0 comprendre votre situation financi\u00e8re globale. Pens\u00e9e pour rendre cette gestion accessible \u00e0 tous, sans avoir besoin de ma\u00eetriser Excel ou Google Sheets","robots":{"index":"index","follow":"follow","max-snippet":"max-snippet:-1","max-image-preview":"max-image-preview:large","max-video-preview":"max-video-preview:-1"},"canonical":"https:\/\/wahsoft.com\/index.php\/gestion-de-budget-personel\/","og_locale":"fr_FR","og_type":"article","og_title":"Gestion de Budget personel - WahSoft","og_description":"Application moderne et intuitive qui vous aide \u00e0 suivre et \u00e0 comprendre votre situation financi\u00e8re globale. Pens\u00e9e pour rendre cette gestion accessible \u00e0 tous, sans avoir besoin de ma\u00eetriser Excel ou Google Sheets","og_url":"https:\/\/wahsoft.com\/index.php\/gestion-de-budget-personel\/","og_site_name":"WahSoft","article_publisher":"https:\/\/www.facebook.com\/profile.php?id=61555161760474","og_image":[{"width":480,"height":480,"url":"https:\/\/wahsoft.com\/wp-content\/uploads\/2025\/07\/unnamed.webp","type":"image\/webp"}],"twitter_card":"summary_large_image","twitter_misc":{"Dur\u00e9e de lecture estim\u00e9e":"2 minutes"},"schema":{"@context":"https:\/\/schema.org","@graph":[{"@type":"WebPage","@id":"https:\/\/wahsoft.com\/index.php\/gestion-de-budget-personel\/","url":"https:\/\/wahsoft.com\/index.php\/gestion-de-budget-personel\/","name":"Gestion de Budget personel - WahSoft","isPartOf":{"@id":"https:\/\/wahsoft.com\/#website"},"primaryImageOfPage":{"@id":"https:\/\/wahsoft.com\/index.php\/gestion-de-budget-personel\/#primaryimage"},"image":{"@id":"https:\/\/wahsoft.com\/index.php\/gestion-de-budget-personel\/#primaryimage"},"thumbnailUrl":"https:\/\/wahsoft.com\/wp-content\/uploads\/2025\/07\/unnamed.webp","datePublished":"2025-07-29T11:46:04+00:00","description":"Application moderne et intuitive qui vous aide \u00e0 suivre et \u00e0 comprendre votre situation financi\u00e8re globale. Pens\u00e9e pour rendre cette gestion accessible \u00e0 tous, sans avoir besoin de ma\u00eetriser Excel ou Google Sheets","breadcrumb":{"@id":"https:\/\/wahsoft.com\/index.php\/gestion-de-budget-personel\/#breadcrumb"},"inLanguage":"fr-FR","potentialAction":[{"@type":"ReadAction","target":["https:\/\/wahsoft.com\/index.php\/gestion-de-budget-personel\/"]}]},{"@type":"ImageObject","inLanguage":"fr-FR","@id":"https:\/\/wahsoft.com\/index.php\/gestion-de-budget-personel\/#primaryimage","url":"https:\/\/wahsoft.com\/wp-content\/uploads\/2025\/07\/unnamed.webp","contentUrl":"https:\/\/wahsoft.com\/wp-content\/uploads\/2025\/07\/unnamed.webp","width":480,"height":480},{"@type":"BreadcrumbList","@id":"https:\/\/wahsoft.com\/index.php\/gestion-de-budget-personel\/#breadcrumb","itemListElement":[{"@type":"ListItem","position":1,"name":"Accueil","item":"https:\/\/wahsoft.com\/"},{"@type":"ListItem","position":2,"name":"Gestion de Budget personel"}]},{"@type":"WebSite","@id":"https:\/\/wahsoft.com\/#website","url":"https:\/\/wahsoft.com\/","name":"WahSoft","description":"","publisher":{"@id":"https:\/\/wahsoft.com\/#organization"},"potentialAction":[{"@type":"SearchAction","target":{"@type":"EntryPoint","urlTemplate":"https:\/\/wahsoft.com\/?s={search_term_string}"},"query-input":{"@type":"PropertyValueSpecification","valueRequired":true,"valueName":"search_term_string"}}],"inLanguage":"fr-FR"},{"@type":"Organization","@id":"https:\/\/wahsoft.com\/#organization","name":"WahSoft","url":"https:\/\/wahsoft.com\/","logo":{"@type":"ImageObject","inLanguage":"fr-FR","@id":"https:\/\/wahsoft.com\/#\/schema\/logo\/image\/","url":"https:\/\/wahsoft.com\/wp-content\/uploads\/2024\/04\/logo11111-e1712284610931.png","contentUrl":"https:\/\/wahsoft.com\/wp-content\/uploads\/2024\/04\/logo11111-e1712284610931.png","width":240,"height":63,"caption":"WahSoft"},"image":{"@id":"https:\/\/wahsoft.com\/#\/schema\/logo\/image\/"},"sameAs":["https:\/\/www.facebook.com\/profile.php?id=61555161760474"]}]}},"_links":{"self":[{"href":"https:\/\/wahsoft.com\/index.php\/wp-json\/wp\/v2\/pages\/418","targetHints":{"allow":["GET"]}}],"collection":[{"href":"https:\/\/wahsoft.com\/index.php\/wp-json\/wp\/v2\/pages"}],"about":[{"href":"https:\/\/wahsoft.com\/index.php\/wp-json\/wp\/v2\/types\/page"}],"author":[{"embeddable":true,"href":"https:\/\/wahsoft.com\/index.php\/wp-json\/wp\/v2\/users\/1"}],"replies":[{"embeddable":true,"href":"https:\/\/wahsoft.com\/index.php\/wp-json\/wp\/v2\/comments?post=418"}],"version-history":[{"count":2,"href":"https:\/\/wahsoft.com\/index.php\/wp-json\/wp\/v2\/pages\/418\/revisions"}],"predecessor-version":[{"id":436,"href":"https:\/\/wahsoft.com\/index.php\/wp-json\/wp\/v2\/pages\/418\/revisions\/436"}],"wp:attachment":[{"href":"https:\/\/wahsoft.com\/index.php\/wp-json\/wp\/v2\/media?parent=418"}],"curies":[{"name":"wp","href":"https:\/\/api.w.org\/{rel}","templated":true}]}}