{"id":39,"date":"2023-11-15T18:24:46","date_gmt":"2023-11-15T17:24:46","guid":{"rendered":"https:\/\/wahsoft.com\/?page_id=39"},"modified":"2025-07-29T12:36:48","modified_gmt":"2025-07-29T11:36:48","slug":"easy-barcode-to-excel-android","status":"publish","type":"page","link":"https:\/\/wahsoft.com\/index.php\/easy-barcode-to-excel-android\/","title":{"rendered":"Easy Barcode to Excel"},"content":{"rendered":"\n<figure class=\"wp-block-image aligncenter size-full is-resized\"><img loading=\"lazy\" decoding=\"async\" width=\"497\" height=\"494\" src=\"https:\/\/wahsoft.com\/wp-content\/uploads\/2023\/11\/app_logo-1.png\" alt=\"\" class=\"wp-image-102\" style=\"object-fit:cover;width:80px;height:80px\" srcset=\"https:\/\/wahsoft.com\/wp-content\/uploads\/2023\/11\/app_logo-1.png 497w, https:\/\/wahsoft.com\/wp-content\/uploads\/2023\/11\/app_logo-1-300x298.png 300w, https:\/\/wahsoft.com\/wp-content\/uploads\/2023\/11\/app_logo-1-150x150.png 150w\" sizes=\"auto, (max-width: 497px) 100vw, 497px\" \/><\/figure>\n\n\n\n<div class=\"wp-block-group alignfull is-layout-constrained wp-container-core-group-is-layout-490fa1db wp-block-group-is-layout-constrained\" style=\"padding-top:var(--wp--preset--spacing--50);padding-right:var(--wp--preset--spacing--50);padding-bottom:var(--wp--preset--spacing--50);padding-left:var(--wp--preset--spacing--50)\">\n<div class=\"wp-block-group is-layout-constrained wp-container-core-group-is-layout-650790e1 wp-block-group-is-layout-constrained\">\n<p>Avec Easy Barecode to Excel, vous pouvez facilement num\u00e9riser des codes-barres et les organiser dans des fichiers Excel<\/p>\n<\/div>\n\n\n\n<figure class=\"wp-block-image aligncenter size-large is-resized\"><a href=\"https:\/\/play.google.com\/store\/apps\/details?id=com.wah.scantosheet&amp;hl=fr\"><img decoding=\"async\" src=\"https:\/\/play.google.com\/intl\/en_us\/badges\/images\/generic\/fr-play-badge.png\" alt=\"\" style=\"width:227px;height:auto\"\/><\/a><\/figure>\n\n\n\n<figure class=\"wp-block-image aligncenter size-full is-resized\"><a href=\"https:\/\/apps.apple.com\/us\/app\/easy-barcode-to-excel\/id6741095221\"><img loading=\"lazy\" decoding=\"async\" width=\"527\" height=\"167\" src=\"https:\/\/wahsoft.com\/wp-content\/uploads\/2025\/01\/Download_on_the_App_Store_Badge_FR_blk_100517.png\" alt=\"\" class=\"wp-image-392\" style=\"width:227px;height:auto\" srcset=\"https:\/\/wahsoft.com\/wp-content\/uploads\/2025\/01\/Download_on_the_App_Store_Badge_FR_blk_100517.png 527w, https:\/\/wahsoft.com\/wp-content\/uploads\/2025\/01\/Download_on_the_App_Store_Badge_FR_blk_100517-300x95.png 300w\" sizes=\"auto, (max-width: 527px) 100vw, 527px\" \/><\/a><\/figure>\n\n\n\n<div style=\"height:var(--wp--preset--spacing--30)\" aria-hidden=\"true\" class=\"wp-block-spacer\"><\/div>\n\n\n\n<figure class=\"wp-block-gallery has-nested-images columns-default is-cropped wp-block-gallery-1 is-layout-flex wp-block-gallery-is-layout-flex\">\n<figure class=\"wp-block-image size-full\"><a href=\"https:\/\/wahsoft.com\/wp-content\/uploads\/2023\/11\/Presentation-1.png\"><img loading=\"lazy\" decoding=\"async\" width=\"1920\" height=\"1080\" data-id=\"52\" src=\"https:\/\/wahsoft.com\/wp-content\/uploads\/2023\/11\/Presentation-1.png\" alt=\"\" class=\"wp-image-52\" srcset=\"https:\/\/wahsoft.com\/wp-content\/uploads\/2023\/11\/Presentation-1.png 1920w, https:\/\/wahsoft.com\/wp-content\/uploads\/2023\/11\/Presentation-1-300x169.png 300w, https:\/\/wahsoft.com\/wp-content\/uploads\/2023\/11\/Presentation-1-1024x576.png 1024w, https:\/\/wahsoft.com\/wp-content\/uploads\/2023\/11\/Presentation-1-768x432.png 768w, https:\/\/wahsoft.com\/wp-content\/uploads\/2023\/11\/Presentation-1-1536x864.png 1536w\" sizes=\"auto, (max-width: 1920px) 100vw, 1920px\" \/><\/a><\/figure>\n\n\n\n<figure class=\"wp-block-image size-full\"><a href=\"https:\/\/wahsoft.com\/wp-content\/uploads\/2023\/11\/Sans-titre-1.png\"><img loading=\"lazy\" decoding=\"async\" width=\"1080\" height=\"1920\" data-id=\"54\" src=\"https:\/\/wahsoft.com\/wp-content\/uploads\/2023\/11\/Sans-titre-1.png\" alt=\"\" class=\"wp-image-54\" srcset=\"https:\/\/wahsoft.com\/wp-content\/uploads\/2023\/11\/Sans-titre-1.png 1080w, https:\/\/wahsoft.com\/wp-content\/uploads\/2023\/11\/Sans-titre-1-169x300.png 169w, https:\/\/wahsoft.com\/wp-content\/uploads\/2023\/11\/Sans-titre-1-576x1024.png 576w, https:\/\/wahsoft.com\/wp-content\/uploads\/2023\/11\/Sans-titre-1-768x1365.png 768w, https:\/\/wahsoft.com\/wp-content\/uploads\/2023\/11\/Sans-titre-1-864x1536.png 864w\" sizes=\"auto, (max-width: 1080px) 100vw, 1080px\" \/><\/a><\/figure>\n\n\n\n<figure class=\"wp-block-image size-full\"><a href=\"https:\/\/wahsoft.com\/wp-content\/uploads\/2023\/11\/Screenshot_20230918_200717.png\"><img loading=\"lazy\" decoding=\"async\" width=\"800\" height=\"1280\" data-id=\"58\" src=\"https:\/\/wahsoft.com\/wp-content\/uploads\/2023\/11\/Screenshot_20230918_200717.png\" alt=\"\" class=\"wp-image-58\" srcset=\"https:\/\/wahsoft.com\/wp-content\/uploads\/2023\/11\/Screenshot_20230918_200717.png 800w, https:\/\/wahsoft.com\/wp-content\/uploads\/2023\/11\/Screenshot_20230918_200717-188x300.png 188w, https:\/\/wahsoft.com\/wp-content\/uploads\/2023\/11\/Screenshot_20230918_200717-640x1024.png 640w, https:\/\/wahsoft.com\/wp-content\/uploads\/2023\/11\/Screenshot_20230918_200717-768x1229.png 768w\" sizes=\"auto, (max-width: 800px) 100vw, 800px\" \/><\/a><\/figure>\n\n\n\n<figure class=\"wp-block-image size-full\"><a href=\"https:\/\/wahsoft.com\/wp-content\/uploads\/2023\/11\/Screenshot_20230918_200514.png\"><img loading=\"lazy\" decoding=\"async\" width=\"800\" height=\"1280\" data-id=\"57\" src=\"https:\/\/wahsoft.com\/wp-content\/uploads\/2023\/11\/Screenshot_20230918_200514.png\" alt=\"\" class=\"wp-image-57\" srcset=\"https:\/\/wahsoft.com\/wp-content\/uploads\/2023\/11\/Screenshot_20230918_200514.png 800w, https:\/\/wahsoft.com\/wp-content\/uploads\/2023\/11\/Screenshot_20230918_200514-188x300.png 188w, https:\/\/wahsoft.com\/wp-content\/uploads\/2023\/11\/Screenshot_20230918_200514-640x1024.png 640w, https:\/\/wahsoft.com\/wp-content\/uploads\/2023\/11\/Screenshot_20230918_200514-768x1229.png 768w\" sizes=\"auto, (max-width: 800px) 100vw, 800px\" \/><\/a><\/figure>\n\n\n\n<figure class=\"wp-block-image size-full\"><a href=\"https:\/\/wahsoft.com\/wp-content\/uploads\/2023\/11\/Screenshot_20230918_200656.png\"><img loading=\"lazy\" decoding=\"async\" width=\"800\" height=\"1280\" data-id=\"56\" src=\"https:\/\/wahsoft.com\/wp-content\/uploads\/2023\/11\/Screenshot_20230918_200656.png\" alt=\"\" class=\"wp-image-56\" srcset=\"https:\/\/wahsoft.com\/wp-content\/uploads\/2023\/11\/Screenshot_20230918_200656.png 800w, https:\/\/wahsoft.com\/wp-content\/uploads\/2023\/11\/Screenshot_20230918_200656-188x300.png 188w, https:\/\/wahsoft.com\/wp-content\/uploads\/2023\/11\/Screenshot_20230918_200656-640x1024.png 640w, https:\/\/wahsoft.com\/wp-content\/uploads\/2023\/11\/Screenshot_20230918_200656-768x1229.png 768w\" sizes=\"auto, (max-width: 800px) 100vw, 800px\" \/><\/a><\/figure>\n\n\n\n<figure class=\"wp-block-image size-full\"><a href=\"https:\/\/wahsoft.com\/wp-content\/uploads\/2023\/11\/Screenshot_20230918_200734.png\"><img loading=\"lazy\" decoding=\"async\" width=\"800\" height=\"1280\" data-id=\"55\" src=\"https:\/\/wahsoft.com\/wp-content\/uploads\/2023\/11\/Screenshot_20230918_200734.png\" alt=\"\" class=\"wp-image-55\" srcset=\"https:\/\/wahsoft.com\/wp-content\/uploads\/2023\/11\/Screenshot_20230918_200734.png 800w, https:\/\/wahsoft.com\/wp-content\/uploads\/2023\/11\/Screenshot_20230918_200734-188x300.png 188w, https:\/\/wahsoft.com\/wp-content\/uploads\/2023\/11\/Screenshot_20230918_200734-640x1024.png 640w, https:\/\/wahsoft.com\/wp-content\/uploads\/2023\/11\/Screenshot_20230918_200734-768x1229.png 768w\" sizes=\"auto, (max-width: 800px) 100vw, 800px\" \/><\/a><\/figure>\n<\/figure>\n<\/div>\n\n\n\n<div class=\"wp-block-group alignfull has-base-2-background-color has-background is-layout-constrained wp-container-core-group-is-layout-669513ed wp-block-group-is-layout-constrained\" style=\"margin-top:0;margin-bottom:0;padding-top:var(--wp--preset--spacing--50);padding-right:var(--wp--preset--spacing--50);padding-bottom:var(--wp--preset--spacing--50);padding-left:var(--wp--preset--spacing--50)\">\n<div style=\"margin-top:0;margin-bottom:0;height:var(--wp--preset--spacing--40)\" aria-hidden=\"true\" class=\"wp-block-spacer\"><\/div>\n\n\n\n<div class=\"wp-block-columns alignwide is-layout-flex wp-container-core-columns-is-layout-d0bbbce0 wp-block-columns-is-layout-flex\">\n<div class=\"wp-block-column is-layout-flow wp-container-core-column-is-layout-e3d1c41b wp-block-column-is-layout-flow\">\n<h3 class=\"wp-block-heading has-text-align-left is-style-asterisk has-body-font-family has-medium-font-size\" style=\"font-style:normal;font-weight:600\">Num\u00e9risation de codes-barres sans effort<\/h3>\n\n\n\n<p class=\"has-text-align-left\"><br>L&rsquo;interface conviviale Easy Barecode vers Excel vous permet de num\u00e9riser rapidement et pr\u00e9cis\u00e9ment des codes-barres \u00e0 l&rsquo;aide de l&rsquo;appareil photo de votre smartphone.<\/p>\n<\/div>\n\n\n\n<div class=\"wp-block-column is-layout-flow wp-container-core-column-is-layout-e3d1c41b wp-block-column-is-layout-flow\">\n<h3 class=\"wp-block-heading has-text-align-left is-style-asterisk has-body-font-family has-medium-font-size\" style=\"font-style:normal;font-weight:600\">Int\u00e9gration Excel<\/h3>\n\n\n\n<p class=\"has-text-align-left\">Cr\u00e9ez automatiquement des fichiers Excel avec des donn\u00e9es de codes-barres num\u00e9ris\u00e9es.<\/p>\n\n\n\n<p>Partagez vos fichiers Excel avec des coll\u00e8gues ou des collaborateurs en un seul clic<\/p>\n<\/div>\n\n\n\n<div class=\"wp-block-column is-layout-flow wp-container-core-column-is-layout-e3d1c41b wp-block-column-is-layout-flow\">\n<h3 class=\"wp-block-heading has-text-align-left is-style-asterisk has-body-font-family has-medium-font-size\" style=\"font-style:normal;font-weight:600\">Plusieurs dossiers ind\u00e9pendants<\/h3>\n\n\n\n<p class=\"has-text-align-left\">Organisez vos codes-barres num\u00e9ris\u00e9s dans des dossiers s\u00e9par\u00e9s et personnalisables. Cr\u00e9ez des dossiers pour diff\u00e9rents projets, d\u00e9partements ou cat\u00e9gories afin de conserver vos donn\u00e9es soigneusement class\u00e9es.<\/p>\n<\/div>\n<\/div>\n\n\n\n<div style=\"height:var(--wp--preset--spacing--20)\" aria-hidden=\"true\" class=\"wp-block-spacer\"><\/div>\n\n\n\n<div class=\"wp-block-columns alignwide is-layout-flex wp-container-core-columns-is-layout-d0bbbce0 wp-block-columns-is-layout-flex\">\n<div class=\"wp-block-column is-layout-flow wp-container-core-column-is-layout-e3d1c41b wp-block-column-is-layout-flow\"><\/div>\n\n\n\n<div class=\"wp-block-column is-layout-flow wp-container-core-column-is-layout-e3d1c41b wp-block-column-is-layout-flow\" style=\"flex-basis:100%\">\n<h3 class=\"wp-block-heading has-text-align-center is-style-asterisk has-body-font-family has-medium-font-size\" style=\"font-style:normal;font-weight:600\">C&rsquo;est totalement gratuit!<\/h3>\n\n\n\n<p class=\"has-text-align-center\">Vous pouvez la t\u00e9l\u00e9charger directement depuis Google Playstore.<\/p>\n\n\n\n<figure class=\"wp-block-image aligncenter size-large is-resized\"><a href=\"https:\/\/play.google.com\/store\/apps\/details?id=com.wah.scantosheet.scantosheets\"><img decoding=\"async\" src=\"https:\/\/play.google.com\/intl\/en_us\/badges\/images\/generic\/fr-play-badge.png\" alt=\"\" style=\"width:227px;height:auto\"\/><\/a><\/figure>\n\n\n\n<figure class=\"wp-block-image aligncenter size-full is-resized\"><a href=\"https:\/\/apps.apple.com\/us\/app\/inventaire-facile\/id6740422168\"><img loading=\"lazy\" decoding=\"async\" width=\"527\" height=\"167\" src=\"https:\/\/wahsoft.com\/wp-content\/uploads\/2025\/01\/Download_on_the_App_Store_Badge_FR_blk_100517.png\" alt=\"\" class=\"wp-image-392\" style=\"width:227px;height:auto\" srcset=\"https:\/\/wahsoft.com\/wp-content\/uploads\/2025\/01\/Download_on_the_App_Store_Badge_FR_blk_100517.png 527w, https:\/\/wahsoft.com\/wp-content\/uploads\/2025\/01\/Download_on_the_App_Store_Badge_FR_blk_100517-300x95.png 300w\" sizes=\"auto, (max-width: 527px) 100vw, 527px\" \/><\/a><\/figure>\n<\/div>\n<\/div>\n<\/div>\n","protected":false},"excerpt":{"rendered":"<p>Avec Easy Barecode to Excel, vous pouvez facilement num\u00e9riser des codes-barres et les organiser dans des fichiers Excel Num\u00e9risation de codes-barres sans effort L&rsquo;interface conviviale Easy Barecode vers Excel vous permet de num\u00e9riser rapidement et pr\u00e9cis\u00e9ment des codes-barres \u00e0 l&rsquo;aide de l&rsquo;appareil photo de votre smartphone. Int\u00e9gration Excel Cr\u00e9ez automatiquement des fichiers Excel avec des [&hellip;]<\/p>\n","protected":false},"author":1,"featured_media":0,"parent":0,"menu_order":0,"comment_status":"closed","ping_status":"closed","template":"","meta":{"footnotes":""},"class_list":["post-39","page","type-page","status-publish","hentry"],"blocksy_meta":[],"yoast_head":"<!-- This site is optimized with the Yoast SEO plugin v27.5 - https:\/\/yoast.com\/product\/yoast-seo-wordpress\/ -->\n<title>Easy Barcode to Excel - WahSoft<\/title>\n<meta name=\"robots\" content=\"index, follow, max-snippet:-1, max-image-preview:large, max-video-preview:-1\" \/>\n<link rel=\"canonical\" href=\"https:\/\/wahsoft.com\/index.php\/easy-barcode-to-excel-android\/\" \/>\n<meta property=\"og:locale\" content=\"fr_FR\" \/>\n<meta property=\"og:type\" content=\"article\" \/>\n<meta property=\"og:title\" content=\"Easy Barcode to Excel - WahSoft\" \/>\n<meta property=\"og:description\" content=\"Avec Easy Barecode to Excel, vous pouvez facilement num\u00e9riser des codes-barres et les organiser dans des fichiers Excel Num\u00e9risation de codes-barres sans effort L&rsquo;interface conviviale Easy Barecode vers Excel vous permet de num\u00e9riser rapidement et pr\u00e9cis\u00e9ment des codes-barres \u00e0 l&rsquo;aide de l&rsquo;appareil photo de votre smartphone. Int\u00e9gration Excel Cr\u00e9ez automatiquement des fichiers Excel avec des [&hellip;]\" \/>\n<meta property=\"og:url\" content=\"https:\/\/wahsoft.com\/index.php\/easy-barcode-to-excel-android\/\" \/>\n<meta property=\"og:site_name\" content=\"WahSoft\" \/>\n<meta property=\"article:publisher\" content=\"https:\/\/www.facebook.com\/profile.php?id=61555161760474\" \/>\n<meta property=\"article:modified_time\" content=\"2025-07-29T11:36:48+00:00\" \/>\n<meta property=\"og:image\" content=\"https:\/\/wahsoft.com\/wp-content\/uploads\/2023\/11\/app_logo-1.png\" \/>\n\t<meta property=\"og:image:width\" content=\"497\" \/>\n\t<meta property=\"og:image:height\" content=\"494\" \/>\n\t<meta property=\"og:image:type\" content=\"image\/png\" \/>\n<meta name=\"twitter:card\" content=\"summary_large_image\" \/>\n<meta name=\"twitter:label1\" content=\"Dur\u00e9e de lecture estim\u00e9e\" \/>\n\t<meta name=\"twitter:data1\" content=\"3 minutes\" \/>\n<script type=\"application\/ld+json\" class=\"yoast-schema-graph\">{\"@context\":\"https:\\\/\\\/schema.org\",\"@graph\":[{\"@type\":\"WebPage\",\"@id\":\"https:\\\/\\\/wahsoft.com\\\/index.php\\\/easy-barcode-to-excel-android\\\/\",\"url\":\"https:\\\/\\\/wahsoft.com\\\/index.php\\\/easy-barcode-to-excel-android\\\/\",\"name\":\"Easy Barcode to Excel - WahSoft\",\"isPartOf\":{\"@id\":\"https:\\\/\\\/wahsoft.com\\\/#website\"},\"primaryImageOfPage\":{\"@id\":\"https:\\\/\\\/wahsoft.com\\\/index.php\\\/easy-barcode-to-excel-android\\\/#primaryimage\"},\"image\":{\"@id\":\"https:\\\/\\\/wahsoft.com\\\/index.php\\\/easy-barcode-to-excel-android\\\/#primaryimage\"},\"thumbnailUrl\":\"https:\\\/\\\/wahsoft.com\\\/wp-content\\\/uploads\\\/2023\\\/11\\\/app_logo-1.png\",\"datePublished\":\"2023-11-15T17:24:46+00:00\",\"dateModified\":\"2025-07-29T11:36:48+00:00\",\"breadcrumb\":{\"@id\":\"https:\\\/\\\/wahsoft.com\\\/index.php\\\/easy-barcode-to-excel-android\\\/#breadcrumb\"},\"inLanguage\":\"fr-FR\",\"potentialAction\":[{\"@type\":\"ReadAction\",\"target\":[\"https:\\\/\\\/wahsoft.com\\\/index.php\\\/easy-barcode-to-excel-android\\\/\"]}]},{\"@type\":\"ImageObject\",\"inLanguage\":\"fr-FR\",\"@id\":\"https:\\\/\\\/wahsoft.com\\\/index.php\\\/easy-barcode-to-excel-android\\\/#primaryimage\",\"url\":\"https:\\\/\\\/wahsoft.com\\\/wp-content\\\/uploads\\\/2023\\\/11\\\/app_logo-1.png\",\"contentUrl\":\"https:\\\/\\\/wahsoft.com\\\/wp-content\\\/uploads\\\/2023\\\/11\\\/app_logo-1.png\",\"width\":497,\"height\":494},{\"@type\":\"BreadcrumbList\",\"@id\":\"https:\\\/\\\/wahsoft.com\\\/index.php\\\/easy-barcode-to-excel-android\\\/#breadcrumb\",\"itemListElement\":[{\"@type\":\"ListItem\",\"position\":1,\"name\":\"Accueil\",\"item\":\"https:\\\/\\\/wahsoft.com\\\/\"},{\"@type\":\"ListItem\",\"position\":2,\"name\":\"Easy Barcode to Excel\"}]},{\"@type\":\"WebSite\",\"@id\":\"https:\\\/\\\/wahsoft.com\\\/#website\",\"url\":\"https:\\\/\\\/wahsoft.com\\\/\",\"name\":\"WahSoft\",\"description\":\"\",\"publisher\":{\"@id\":\"https:\\\/\\\/wahsoft.com\\\/#organization\"},\"potentialAction\":[{\"@type\":\"SearchAction\",\"target\":{\"@type\":\"EntryPoint\",\"urlTemplate\":\"https:\\\/\\\/wahsoft.com\\\/?s={search_term_string}\"},\"query-input\":{\"@type\":\"PropertyValueSpecification\",\"valueRequired\":true,\"valueName\":\"search_term_string\"}}],\"inLanguage\":\"fr-FR\"},{\"@type\":\"Organization\",\"@id\":\"https:\\\/\\\/wahsoft.com\\\/#organization\",\"name\":\"WahSoft\",\"url\":\"https:\\\/\\\/wahsoft.com\\\/\",\"logo\":{\"@type\":\"ImageObject\",\"inLanguage\":\"fr-FR\",\"@id\":\"https:\\\/\\\/wahsoft.com\\\/#\\\/schema\\\/logo\\\/image\\\/\",\"url\":\"https:\\\/\\\/wahsoft.com\\\/wp-content\\\/uploads\\\/2024\\\/04\\\/logo11111-e1712284610931.png\",\"contentUrl\":\"https:\\\/\\\/wahsoft.com\\\/wp-content\\\/uploads\\\/2024\\\/04\\\/logo11111-e1712284610931.png\",\"width\":240,\"height\":63,\"caption\":\"WahSoft\"},\"image\":{\"@id\":\"https:\\\/\\\/wahsoft.com\\\/#\\\/schema\\\/logo\\\/image\\\/\"},\"sameAs\":[\"https:\\\/\\\/www.facebook.com\\\/profile.php?id=61555161760474\"]}]}<\/script>\n<!-- \/ Yoast SEO plugin. -->","yoast_head_json":{"title":"Easy Barcode to Excel - WahSoft","robots":{"index":"index","follow":"follow","max-snippet":"max-snippet:-1","max-image-preview":"max-image-preview:large","max-video-preview":"max-video-preview:-1"},"canonical":"https:\/\/wahsoft.com\/index.php\/easy-barcode-to-excel-android\/","og_locale":"fr_FR","og_type":"article","og_title":"Easy Barcode to Excel - WahSoft","og_description":"Avec Easy Barecode to Excel, vous pouvez facilement num\u00e9riser des codes-barres et les organiser dans des fichiers Excel Num\u00e9risation de codes-barres sans effort L&rsquo;interface conviviale Easy Barecode vers Excel vous permet de num\u00e9riser rapidement et pr\u00e9cis\u00e9ment des codes-barres \u00e0 l&rsquo;aide de l&rsquo;appareil photo de votre smartphone. Int\u00e9gration Excel Cr\u00e9ez automatiquement des fichiers Excel avec des [&hellip;]","og_url":"https:\/\/wahsoft.com\/index.php\/easy-barcode-to-excel-android\/","og_site_name":"WahSoft","article_publisher":"https:\/\/www.facebook.com\/profile.php?id=61555161760474","article_modified_time":"2025-07-29T11:36:48+00:00","og_image":[{"width":497,"height":494,"url":"https:\/\/wahsoft.com\/wp-content\/uploads\/2023\/11\/app_logo-1.png","type":"image\/png"}],"twitter_card":"summary_large_image","twitter_misc":{"Dur\u00e9e de lecture estim\u00e9e":"3 minutes"},"schema":{"@context":"https:\/\/schema.org","@graph":[{"@type":"WebPage","@id":"https:\/\/wahsoft.com\/index.php\/easy-barcode-to-excel-android\/","url":"https:\/\/wahsoft.com\/index.php\/easy-barcode-to-excel-android\/","name":"Easy Barcode to Excel - WahSoft","isPartOf":{"@id":"https:\/\/wahsoft.com\/#website"},"primaryImageOfPage":{"@id":"https:\/\/wahsoft.com\/index.php\/easy-barcode-to-excel-android\/#primaryimage"},"image":{"@id":"https:\/\/wahsoft.com\/index.php\/easy-barcode-to-excel-android\/#primaryimage"},"thumbnailUrl":"https:\/\/wahsoft.com\/wp-content\/uploads\/2023\/11\/app_logo-1.png","datePublished":"2023-11-15T17:24:46+00:00","dateModified":"2025-07-29T11:36:48+00:00","breadcrumb":{"@id":"https:\/\/wahsoft.com\/index.php\/easy-barcode-to-excel-android\/#breadcrumb"},"inLanguage":"fr-FR","potentialAction":[{"@type":"ReadAction","target":["https:\/\/wahsoft.com\/index.php\/easy-barcode-to-excel-android\/"]}]},{"@type":"ImageObject","inLanguage":"fr-FR","@id":"https:\/\/wahsoft.com\/index.php\/easy-barcode-to-excel-android\/#primaryimage","url":"https:\/\/wahsoft.com\/wp-content\/uploads\/2023\/11\/app_logo-1.png","contentUrl":"https:\/\/wahsoft.com\/wp-content\/uploads\/2023\/11\/app_logo-1.png","width":497,"height":494},{"@type":"BreadcrumbList","@id":"https:\/\/wahsoft.com\/index.php\/easy-barcode-to-excel-android\/#breadcrumb","itemListElement":[{"@type":"ListItem","position":1,"name":"Accueil","item":"https:\/\/wahsoft.com\/"},{"@type":"ListItem","position":2,"name":"Easy Barcode to Excel"}]},{"@type":"WebSite","@id":"https:\/\/wahsoft.com\/#website","url":"https:\/\/wahsoft.com\/","name":"WahSoft","description":"","publisher":{"@id":"https:\/\/wahsoft.com\/#organization"},"potentialAction":[{"@type":"SearchAction","target":{"@type":"EntryPoint","urlTemplate":"https:\/\/wahsoft.com\/?s={search_term_string}"},"query-input":{"@type":"PropertyValueSpecification","valueRequired":true,"valueName":"search_term_string"}}],"inLanguage":"fr-FR"},{"@type":"Organization","@id":"https:\/\/wahsoft.com\/#organization","name":"WahSoft","url":"https:\/\/wahsoft.com\/","logo":{"@type":"ImageObject","inLanguage":"fr-FR","@id":"https:\/\/wahsoft.com\/#\/schema\/logo\/image\/","url":"https:\/\/wahsoft.com\/wp-content\/uploads\/2024\/04\/logo11111-e1712284610931.png","contentUrl":"https:\/\/wahsoft.com\/wp-content\/uploads\/2024\/04\/logo11111-e1712284610931.png","width":240,"height":63,"caption":"WahSoft"},"image":{"@id":"https:\/\/wahsoft.com\/#\/schema\/logo\/image\/"},"sameAs":["https:\/\/www.facebook.com\/profile.php?id=61555161760474"]}]}},"_links":{"self":[{"href":"https:\/\/wahsoft.com\/index.php\/wp-json\/wp\/v2\/pages\/39","targetHints":{"allow":["GET"]}}],"collection":[{"href":"https:\/\/wahsoft.com\/index.php\/wp-json\/wp\/v2\/pages"}],"about":[{"href":"https:\/\/wahsoft.com\/index.php\/wp-json\/wp\/v2\/types\/page"}],"author":[{"embeddable":true,"href":"https:\/\/wahsoft.com\/index.php\/wp-json\/wp\/v2\/users\/1"}],"replies":[{"embeddable":true,"href":"https:\/\/wahsoft.com\/index.php\/wp-json\/wp\/v2\/comments?post=39"}],"version-history":[{"count":13,"href":"https:\/\/wahsoft.com\/index.php\/wp-json\/wp\/v2\/pages\/39\/revisions"}],"predecessor-version":[{"id":417,"href":"https:\/\/wahsoft.com\/index.php\/wp-json\/wp\/v2\/pages\/39\/revisions\/417"}],"wp:attachment":[{"href":"https:\/\/wahsoft.com\/index.php\/wp-json\/wp\/v2\/media?parent=39"}],"curies":[{"name":"wp","href":"https:\/\/api.w.org\/{rel}","templated":true}]}}