{"id":384,"date":"2024-11-16T20:57:19","date_gmt":"2024-11-16T19:57:19","guid":{"rendered":"https:\/\/wahsoft.com\/?page_id=384"},"modified":"2026-02-21T04:24:07","modified_gmt":"2026-02-21T03:24:07","slug":"wahstock","status":"publish","type":"page","link":"https:\/\/wahsoft.com\/index.php\/wahstock\/","title":{"rendered":"WahStock"},"content":{"rendered":"\n<div class=\"wp-block-group alignfull is-layout-constrained wp-container-core-group-is-layout-490fa1db wp-block-group-is-layout-constrained\" style=\"padding-top:var(--wp--preset--spacing--50);padding-right:var(--wp--preset--spacing--50);padding-bottom:var(--wp--preset--spacing--50);padding-left:var(--wp--preset--spacing--50)\">\n<div class=\"wp-block-group is-layout-constrained wp-container-core-group-is-layout-650790e1 wp-block-group-is-layout-constrained\">\n<h1 class=\"wp-block-heading has-text-align-center has-x-large-font-size\">Logiciel de gestion de stock<\/h1>\n\n\n\n<div style=\"height:1.25rem\" aria-hidden=\"true\" class=\"wp-block-spacer\"><\/div>\n\n\n\n<p class=\"has-text-align-center\">Factures, inventaire, client\/fournisseur, r\u00e8glement, POS&#8230;etc.<\/p>\n<\/div>\n\n\n\n<style>\n.btn {\n  background-color: Green;\n   border: none;\n  color: white;\n  padding: 12px 30px;\n  cursor: pointer;\n  font-size: 20px;\n}\n.btn:hover {\n  background-color: #30a810;\n}\n<\/style>\n \n\n<style>\n.btn {\n  background-color: Green;\n   border: none;\n  color: white;\n  padding: 12px 30px;\n  cursor: pointer;\n  font-size: 20px;\n}\n\n.btn:hover {\n  background-color: #30a810;\n}\n\n<\/style>\n\n<div style=\"text-align: center\">\n <a href=\"https:\/\/wahsoft.com\/index.php\/sdm_downloads\/wahstock-v0-7\/\"><button class=\"btn\"> T\u00e9l\u00e9charger V0.7<\/button> <\/a> \n<\/div>\n\n<div style=\"text-align: center\">05 62 02 03 42<\/div><div style=\"text-align: center\">h.dali.youcef@gmail.com<\/div>\n\n\n\n<figure class=\"wp-block-image alignwide size-full is-style-rounded\"><img loading=\"lazy\" decoding=\"async\" width=\"1596\" height=\"1157\" src=\"https:\/\/wahsoft.com\/wp-content\/uploads\/2023\/11\/Capture-decran-2023-11-15-180656-1.jpg\" alt=\"WahSoft\" class=\"wp-image-34\" srcset=\"https:\/\/wahsoft.com\/wp-content\/uploads\/2023\/11\/Capture-decran-2023-11-15-180656-1.jpg 1596w, https:\/\/wahsoft.com\/wp-content\/uploads\/2023\/11\/Capture-decran-2023-11-15-180656-1-300x217.jpg 300w, https:\/\/wahsoft.com\/wp-content\/uploads\/2023\/11\/Capture-decran-2023-11-15-180656-1-1024x742.jpg 1024w, https:\/\/wahsoft.com\/wp-content\/uploads\/2023\/11\/Capture-decran-2023-11-15-180656-1-768x557.jpg 768w, https:\/\/wahsoft.com\/wp-content\/uploads\/2023\/11\/Capture-decran-2023-11-15-180656-1-1536x1114.jpg 1536w\" sizes=\"auto, (max-width: 1596px) 100vw, 1596px\" \/><\/figure>\n<\/div>\n\n\n\n<div class=\"wp-block-group alignfull has-base-2-background-color has-background is-layout-constrained wp-container-core-group-is-layout-669513ed wp-block-group-is-layout-constrained\" style=\"margin-top:0;margin-bottom:0;padding-top:var(--wp--preset--spacing--50);padding-right:var(--wp--preset--spacing--50);padding-bottom:var(--wp--preset--spacing--50);padding-left:var(--wp--preset--spacing--50)\">\n<div style=\"margin-top:0;margin-bottom:0;height:var(--wp--preset--spacing--40)\" aria-hidden=\"true\" class=\"wp-block-spacer\"><\/div>\n\n\n\n<div class=\"wp-block-columns alignwide is-layout-flex wp-container-core-columns-is-layout-d0bbbce0 wp-block-columns-is-layout-flex\">\n<div class=\"wp-block-column is-layout-flow wp-container-core-column-is-layout-e3d1c41b wp-block-column-is-layout-flow\">\n<h3 class=\"wp-block-heading has-text-align-left is-style-asterisk has-body-font-family has-medium-font-size\" style=\"font-style:normal;font-weight:600\">Gestion facile<\/h3>\n\n\n\n<p class=\"has-text-align-left\">Interface intuituve et facile \u00e0 utiliser.<\/p>\n<\/div>\n\n\n\n<div class=\"wp-block-column is-layout-flow wp-container-core-column-is-layout-e3d1c41b wp-block-column-is-layout-flow\">\n<h3 class=\"wp-block-heading has-text-align-left is-style-asterisk has-body-font-family has-medium-font-size\" style=\"font-style:normal;font-weight:600\">Import\/Export<\/h3>\n\n\n\n<p class=\"has-text-align-left\">Vous vpouvez importer et exporter vos donn\u00e9es sous format Excel.<\/p>\n<\/div>\n\n\n\n<div class=\"wp-block-column is-layout-flow wp-container-core-column-is-layout-e3d1c41b wp-block-column-is-layout-flow\">\n<h3 class=\"wp-block-heading has-text-align-left is-style-asterisk has-body-font-family has-medium-font-size\" style=\"font-style:normal;font-weight:600\">Gestion d&rsquo;autorisation<\/h3>\n\n\n\n<p class=\"has-text-align-left\">Vous pouvez g\u00e9rer les autorisations d&rsquo;acc\u00e8s \u00e0 vos utilisateurs.<\/p>\n<\/div>\n<\/div>\n\n\n\n<div style=\"height:var(--wp--preset--spacing--20)\" aria-hidden=\"true\" class=\"wp-block-spacer\"><\/div>\n\n\n\n<div class=\"wp-block-columns alignwide is-layout-flex wp-container-core-columns-is-layout-d0bbbce0 wp-block-columns-is-layout-flex\">\n<div class=\"wp-block-column is-layout-flow wp-container-core-column-is-layout-e3d1c41b wp-block-column-is-layout-flow\">\n<h3 class=\"wp-block-heading has-text-align-left is-style-asterisk has-body-font-family has-medium-font-size\" style=\"font-style:normal;font-weight:600\">Base de donn\u00e9es performante<\/h3>\n\n\n\n<p class=\"has-text-align-left\">Base de don\u00e9es performante avec PostgreSQL.<\/p>\n<\/div>\n\n\n\n<div class=\"wp-block-column is-layout-flow wp-container-core-column-is-layout-e3d1c41b wp-block-column-is-layout-flow\">\n<h3 class=\"wp-block-heading has-text-align-left is-style-asterisk has-body-font-family has-medium-font-size\" style=\"font-style:normal;font-weight:600\">Multi-Dossiers<\/h3>\n\n\n\n<p class=\"has-text-align-left\">Vous pouvez cr\u00e9er autant de dossier que vous voulez.<\/p>\n<\/div>\n\n\n\n<div class=\"wp-block-column is-layout-flow wp-container-core-column-is-layout-e3d1c41b wp-block-column-is-layout-flow\">\n<h3 class=\"wp-block-heading has-text-align-left is-style-asterisk has-body-font-family has-medium-font-size\" style=\"font-style:normal;font-weight:600\">Sauvegarde\/Restauration<\/h3>\n\n\n\n<p class=\"has-text-align-left\">Possibilit\u00e9 de sauvegarder vos dossiers<\/p>\n<\/div>\n<\/div>\n\n\n\n<div style=\"height:10px\" aria-hidden=\"true\" class=\"wp-block-spacer\"><\/div>\n\n\n\n<div class=\"wp-block-columns alignwide is-layout-flex wp-container-core-columns-is-layout-d0bbbce0 wp-block-columns-is-layout-flex\">\n<div class=\"wp-block-column is-layout-flow wp-container-core-column-is-layout-e3d1c41b wp-block-column-is-layout-flow\">\n<h3 class=\"wp-block-heading has-text-align-left is-style-asterisk has-body-font-family has-medium-font-size\" style=\"font-style:normal;font-weight:600\">Suivis<\/h3>\n\n\n\n<p class=\"has-text-align-left\">Suivi des articles et tr\u00e9sorerie.<\/p>\n<\/div>\n\n\n\n<div class=\"wp-block-column is-layout-flow wp-container-core-column-is-layout-e3d1c41b wp-block-column-is-layout-flow\">\n<h3 class=\"wp-block-heading has-text-align-left is-style-asterisk has-body-font-family has-medium-font-size\" style=\"font-style:normal;font-weight:600\">Multi-Utilisateurs<\/h3>\n\n\n\n<p class=\"has-text-align-left\">Gestion des autorisations d\u2019acc\u00e8s pour utilisateurs<\/p>\n<\/div>\n\n\n\n<div class=\"wp-block-column is-layout-flow wp-container-core-column-is-layout-e3d1c41b wp-block-column-is-layout-flow\">\n<h3 class=\"wp-block-heading has-text-align-left is-style-asterisk has-body-font-family has-medium-font-size\" style=\"font-style:normal;font-weight:600\">POS<\/h3>\n\n\n\n<p class=\"has-text-align-left\">Interface pour les points de vente rapides<\/p>\n<\/div>\n<\/div>\n\n\n\n<div style=\"height:var(--wp--preset--spacing--20)\" aria-hidden=\"true\" class=\"wp-block-spacer\"><\/div>\n<\/div>\n\n\n\n<style>\n.btn {\n  background-color: Green;\n   border: none;\n  color: white;\n  padding: 12px 30px;\n  cursor: pointer;\n  font-size: 20px;\n}\n.btn:hover {\n  background-color: #30a810;\n}\n<\/style>\n \n\n<style>\n.btn {\n  background-color: Green;\n   border: none;\n  color: white;\n  padding: 12px 30px;\n  cursor: pointer;\n  font-size: 20px;\n}\n\n.btn:hover {\n  background-color: #30a810;\n}\n\n<\/style>\n\n<div style=\"text-align: center\">\n <a href=\"https:\/\/wahsoft.com\/index.php\/sdm_downloads\/wahstock-v0-7\/\"><button class=\"btn\"> T\u00e9l\u00e9charger V0.7<\/button> <\/a> \n<\/div>\n\n\n\n<p><\/p>\n","protected":false},"excerpt":{"rendered":"<p>Logiciel de gestion de stock Factures, inventaire, client\/fournisseur, r\u00e8glement, POS&#8230;etc. T\u00e9l\u00e9charger V0.7 05 62 02 03 42 h.dali.youcef@gmail.com Gestion facile Interface intuituve et facile \u00e0 utiliser. Import\/Export Vous vpouvez importer et exporter vos donn\u00e9es sous format Excel. Gestion d&rsquo;autorisation Vous pouvez g\u00e9rer les autorisations d&rsquo;acc\u00e8s \u00e0 vos utilisateurs. Base de donn\u00e9es performante Base de don\u00e9es [&hellip;]<\/p>\n","protected":false},"author":1,"featured_media":0,"parent":0,"menu_order":0,"comment_status":"closed","ping_status":"closed","template":"","meta":{"footnotes":""},"class_list":["post-384","page","type-page","status-publish","hentry"],"blocksy_meta":[],"yoast_head":"<!-- This site is optimized with the Yoast SEO plugin v27.5 - https:\/\/yoast.com\/product\/yoast-seo-wordpress\/ -->\n<title>WahStock - WahSoft<\/title>\n<meta name=\"robots\" content=\"index, follow, max-snippet:-1, max-image-preview:large, max-video-preview:-1\" \/>\n<link rel=\"canonical\" href=\"https:\/\/wahsoft.com\/index.php\/wahstock\/\" \/>\n<meta property=\"og:locale\" content=\"fr_FR\" \/>\n<meta property=\"og:type\" content=\"article\" \/>\n<meta property=\"og:title\" content=\"WahStock - WahSoft\" \/>\n<meta property=\"og:description\" content=\"Logiciel de gestion de stock Factures, inventaire, client\/fournisseur, r\u00e8glement, POS&#8230;etc. T\u00e9l\u00e9charger V0.7 05 62 02 03 42 h.dali.youcef@gmail.com Gestion facile Interface intuituve et facile \u00e0 utiliser. Import\/Export Vous vpouvez importer et exporter vos donn\u00e9es sous format Excel. Gestion d&rsquo;autorisation Vous pouvez g\u00e9rer les autorisations d&rsquo;acc\u00e8s \u00e0 vos utilisateurs. Base de donn\u00e9es performante Base de don\u00e9es [&hellip;]\" \/>\n<meta property=\"og:url\" content=\"https:\/\/wahsoft.com\/index.php\/wahstock\/\" \/>\n<meta property=\"og:site_name\" content=\"WahSoft\" \/>\n<meta property=\"article:publisher\" content=\"https:\/\/www.facebook.com\/profile.php?id=61555161760474\" \/>\n<meta property=\"article:modified_time\" content=\"2026-02-21T03:24:07+00:00\" \/>\n<meta property=\"og:image\" content=\"https:\/\/wahsoft.com\/wp-content\/uploads\/2023\/11\/Capture-decran-2023-11-15-180656-1.jpg\" \/>\n\t<meta property=\"og:image:width\" content=\"1596\" \/>\n\t<meta property=\"og:image:height\" content=\"1157\" \/>\n\t<meta property=\"og:image:type\" content=\"image\/jpeg\" \/>\n<meta name=\"twitter:card\" content=\"summary_large_image\" \/>\n<meta name=\"twitter:label1\" content=\"Dur\u00e9e de lecture estim\u00e9e\" \/>\n\t<meta name=\"twitter:data1\" content=\"1 minute\" \/>\n<script type=\"application\/ld+json\" class=\"yoast-schema-graph\">{\"@context\":\"https:\\\/\\\/schema.org\",\"@graph\":[{\"@type\":\"WebPage\",\"@id\":\"https:\\\/\\\/wahsoft.com\\\/index.php\\\/wahstock\\\/\",\"url\":\"https:\\\/\\\/wahsoft.com\\\/index.php\\\/wahstock\\\/\",\"name\":\"WahStock - WahSoft\",\"isPartOf\":{\"@id\":\"https:\\\/\\\/wahsoft.com\\\/#website\"},\"primaryImageOfPage\":{\"@id\":\"https:\\\/\\\/wahsoft.com\\\/index.php\\\/wahstock\\\/#primaryimage\"},\"image\":{\"@id\":\"https:\\\/\\\/wahsoft.com\\\/index.php\\\/wahstock\\\/#primaryimage\"},\"thumbnailUrl\":\"https:\\\/\\\/wahsoft.com\\\/wp-content\\\/uploads\\\/2023\\\/11\\\/Capture-decran-2023-11-15-180656-1.jpg\",\"datePublished\":\"2024-11-16T19:57:19+00:00\",\"dateModified\":\"2026-02-21T03:24:07+00:00\",\"breadcrumb\":{\"@id\":\"https:\\\/\\\/wahsoft.com\\\/index.php\\\/wahstock\\\/#breadcrumb\"},\"inLanguage\":\"fr-FR\",\"potentialAction\":[{\"@type\":\"ReadAction\",\"target\":[\"https:\\\/\\\/wahsoft.com\\\/index.php\\\/wahstock\\\/\"]}]},{\"@type\":\"ImageObject\",\"inLanguage\":\"fr-FR\",\"@id\":\"https:\\\/\\\/wahsoft.com\\\/index.php\\\/wahstock\\\/#primaryimage\",\"url\":\"https:\\\/\\\/wahsoft.com\\\/wp-content\\\/uploads\\\/2023\\\/11\\\/Capture-decran-2023-11-15-180656-1.jpg\",\"contentUrl\":\"https:\\\/\\\/wahsoft.com\\\/wp-content\\\/uploads\\\/2023\\\/11\\\/Capture-decran-2023-11-15-180656-1.jpg\",\"width\":1596,\"height\":1157},{\"@type\":\"BreadcrumbList\",\"@id\":\"https:\\\/\\\/wahsoft.com\\\/index.php\\\/wahstock\\\/#breadcrumb\",\"itemListElement\":[{\"@type\":\"ListItem\",\"position\":1,\"name\":\"Accueil\",\"item\":\"https:\\\/\\\/wahsoft.com\\\/\"},{\"@type\":\"ListItem\",\"position\":2,\"name\":\"WahStock\"}]},{\"@type\":\"WebSite\",\"@id\":\"https:\\\/\\\/wahsoft.com\\\/#website\",\"url\":\"https:\\\/\\\/wahsoft.com\\\/\",\"name\":\"WahSoft\",\"description\":\"\",\"publisher\":{\"@id\":\"https:\\\/\\\/wahsoft.com\\\/#organization\"},\"potentialAction\":[{\"@type\":\"SearchAction\",\"target\":{\"@type\":\"EntryPoint\",\"urlTemplate\":\"https:\\\/\\\/wahsoft.com\\\/?s={search_term_string}\"},\"query-input\":{\"@type\":\"PropertyValueSpecification\",\"valueRequired\":true,\"valueName\":\"search_term_string\"}}],\"inLanguage\":\"fr-FR\"},{\"@type\":\"Organization\",\"@id\":\"https:\\\/\\\/wahsoft.com\\\/#organization\",\"name\":\"WahSoft\",\"url\":\"https:\\\/\\\/wahsoft.com\\\/\",\"logo\":{\"@type\":\"ImageObject\",\"inLanguage\":\"fr-FR\",\"@id\":\"https:\\\/\\\/wahsoft.com\\\/#\\\/schema\\\/logo\\\/image\\\/\",\"url\":\"https:\\\/\\\/wahsoft.com\\\/wp-content\\\/uploads\\\/2024\\\/04\\\/logo11111-e1712284610931.png\",\"contentUrl\":\"https:\\\/\\\/wahsoft.com\\\/wp-content\\\/uploads\\\/2024\\\/04\\\/logo11111-e1712284610931.png\",\"width\":240,\"height\":63,\"caption\":\"WahSoft\"},\"image\":{\"@id\":\"https:\\\/\\\/wahsoft.com\\\/#\\\/schema\\\/logo\\\/image\\\/\"},\"sameAs\":[\"https:\\\/\\\/www.facebook.com\\\/profile.php?id=61555161760474\"]}]}<\/script>\n<!-- \/ Yoast SEO plugin. -->","yoast_head_json":{"title":"WahStock - WahSoft","robots":{"index":"index","follow":"follow","max-snippet":"max-snippet:-1","max-image-preview":"max-image-preview:large","max-video-preview":"max-video-preview:-1"},"canonical":"https:\/\/wahsoft.com\/index.php\/wahstock\/","og_locale":"fr_FR","og_type":"article","og_title":"WahStock - WahSoft","og_description":"Logiciel de gestion de stock Factures, inventaire, client\/fournisseur, r\u00e8glement, POS&#8230;etc. T\u00e9l\u00e9charger V0.7 05 62 02 03 42 h.dali.youcef@gmail.com Gestion facile Interface intuituve et facile \u00e0 utiliser. Import\/Export Vous vpouvez importer et exporter vos donn\u00e9es sous format Excel. Gestion d&rsquo;autorisation Vous pouvez g\u00e9rer les autorisations d&rsquo;acc\u00e8s \u00e0 vos utilisateurs. Base de donn\u00e9es performante Base de don\u00e9es [&hellip;]","og_url":"https:\/\/wahsoft.com\/index.php\/wahstock\/","og_site_name":"WahSoft","article_publisher":"https:\/\/www.facebook.com\/profile.php?id=61555161760474","article_modified_time":"2026-02-21T03:24:07+00:00","og_image":[{"width":1596,"height":1157,"url":"https:\/\/wahsoft.com\/wp-content\/uploads\/2023\/11\/Capture-decran-2023-11-15-180656-1.jpg","type":"image\/jpeg"}],"twitter_card":"summary_large_image","twitter_misc":{"Dur\u00e9e de lecture estim\u00e9e":"1 minute"},"schema":{"@context":"https:\/\/schema.org","@graph":[{"@type":"WebPage","@id":"https:\/\/wahsoft.com\/index.php\/wahstock\/","url":"https:\/\/wahsoft.com\/index.php\/wahstock\/","name":"WahStock - WahSoft","isPartOf":{"@id":"https:\/\/wahsoft.com\/#website"},"primaryImageOfPage":{"@id":"https:\/\/wahsoft.com\/index.php\/wahstock\/#primaryimage"},"image":{"@id":"https:\/\/wahsoft.com\/index.php\/wahstock\/#primaryimage"},"thumbnailUrl":"https:\/\/wahsoft.com\/wp-content\/uploads\/2023\/11\/Capture-decran-2023-11-15-180656-1.jpg","datePublished":"2024-11-16T19:57:19+00:00","dateModified":"2026-02-21T03:24:07+00:00","breadcrumb":{"@id":"https:\/\/wahsoft.com\/index.php\/wahstock\/#breadcrumb"},"inLanguage":"fr-FR","potentialAction":[{"@type":"ReadAction","target":["https:\/\/wahsoft.com\/index.php\/wahstock\/"]}]},{"@type":"ImageObject","inLanguage":"fr-FR","@id":"https:\/\/wahsoft.com\/index.php\/wahstock\/#primaryimage","url":"https:\/\/wahsoft.com\/wp-content\/uploads\/2023\/11\/Capture-decran-2023-11-15-180656-1.jpg","contentUrl":"https:\/\/wahsoft.com\/wp-content\/uploads\/2023\/11\/Capture-decran-2023-11-15-180656-1.jpg","width":1596,"height":1157},{"@type":"BreadcrumbList","@id":"https:\/\/wahsoft.com\/index.php\/wahstock\/#breadcrumb","itemListElement":[{"@type":"ListItem","position":1,"name":"Accueil","item":"https:\/\/wahsoft.com\/"},{"@type":"ListItem","position":2,"name":"WahStock"}]},{"@type":"WebSite","@id":"https:\/\/wahsoft.com\/#website","url":"https:\/\/wahsoft.com\/","name":"WahSoft","description":"","publisher":{"@id":"https:\/\/wahsoft.com\/#organization"},"potentialAction":[{"@type":"SearchAction","target":{"@type":"EntryPoint","urlTemplate":"https:\/\/wahsoft.com\/?s={search_term_string}"},"query-input":{"@type":"PropertyValueSpecification","valueRequired":true,"valueName":"search_term_string"}}],"inLanguage":"fr-FR"},{"@type":"Organization","@id":"https:\/\/wahsoft.com\/#organization","name":"WahSoft","url":"https:\/\/wahsoft.com\/","logo":{"@type":"ImageObject","inLanguage":"fr-FR","@id":"https:\/\/wahsoft.com\/#\/schema\/logo\/image\/","url":"https:\/\/wahsoft.com\/wp-content\/uploads\/2024\/04\/logo11111-e1712284610931.png","contentUrl":"https:\/\/wahsoft.com\/wp-content\/uploads\/2024\/04\/logo11111-e1712284610931.png","width":240,"height":63,"caption":"WahSoft"},"image":{"@id":"https:\/\/wahsoft.com\/#\/schema\/logo\/image\/"},"sameAs":["https:\/\/www.facebook.com\/profile.php?id=61555161760474"]}]}},"_links":{"self":[{"href":"https:\/\/wahsoft.com\/index.php\/wp-json\/wp\/v2\/pages\/384","targetHints":{"allow":["GET"]}}],"collection":[{"href":"https:\/\/wahsoft.com\/index.php\/wp-json\/wp\/v2\/pages"}],"about":[{"href":"https:\/\/wahsoft.com\/index.php\/wp-json\/wp\/v2\/types\/page"}],"author":[{"embeddable":true,"href":"https:\/\/wahsoft.com\/index.php\/wp-json\/wp\/v2\/users\/1"}],"replies":[{"embeddable":true,"href":"https:\/\/wahsoft.com\/index.php\/wp-json\/wp\/v2\/comments?post=384"}],"version-history":[{"count":3,"href":"https:\/\/wahsoft.com\/index.php\/wp-json\/wp\/v2\/pages\/384\/revisions"}],"predecessor-version":[{"id":477,"href":"https:\/\/wahsoft.com\/index.php\/wp-json\/wp\/v2\/pages\/384\/revisions\/477"}],"wp:attachment":[{"href":"https:\/\/wahsoft.com\/index.php\/wp-json\/wp\/v2\/media?parent=384"}],"curies":[{"name":"wp","href":"https:\/\/api.w.org\/{rel}","templated":true}]}}