{"id":37,"date":"2023-11-15T18:22:37","date_gmt":"2023-11-15T17:22:37","guid":{"rendered":"https:\/\/wahsoft.com\/?page_id=37"},"modified":"2025-01-29T06:35:21","modified_gmt":"2025-01-29T05:35:21","slug":"inventaire-mobile-facile","status":"publish","type":"page","link":"https:\/\/wahsoft.com\/index.php\/inventaire-mobile-facile\/","title":{"rendered":"Inventaire mobile facile"},"content":{"rendered":"\n<figure class=\"wp-block-image aligncenter size-full is-resized\"><img loading=\"lazy\" decoding=\"async\" width=\"512\" height=\"512\" src=\"https:\/\/wahsoft.com\/wp-content\/uploads\/2023\/11\/app_logo.png\" alt=\"\" class=\"wp-image-95\" style=\"object-fit:cover;width:80px;height:80px\" srcset=\"https:\/\/wahsoft.com\/wp-content\/uploads\/2023\/11\/app_logo.png 512w, https:\/\/wahsoft.com\/wp-content\/uploads\/2023\/11\/app_logo-300x300.png 300w, https:\/\/wahsoft.com\/wp-content\/uploads\/2023\/11\/app_logo-150x150.png 150w\" sizes=\"auto, (max-width: 512px) 100vw, 512px\" \/><\/figure>\n\n\n\n<div class=\"wp-block-group alignfull is-layout-constrained wp-container-core-group-is-layout-490fa1db wp-block-group-is-layout-constrained\" style=\"padding-top:var(--wp--preset--spacing--50);padding-right:var(--wp--preset--spacing--50);padding-bottom:var(--wp--preset--spacing--50);padding-left:var(--wp--preset--spacing--50)\">\n<div class=\"wp-block-group is-layout-constrained wp-container-core-group-is-layout-650790e1 wp-block-group-is-layout-constrained\">\n<p class=\"has-text-align-center\">Une solution pratique pour g\u00e9rer vos inventaires en utilisant simplement votre smartphone. Importez facilement vos listes de produits via un fichier Excel, effectuez des inventaires en scannant les codes-barres avec la cam\u00e9ra de votre t\u00e9l\u00e9phone, et partagez les r\u00e9sultats sous forme de fichiers Excel. <\/p>\n\n\n\n<p class=\"has-text-align-center\">Simplifiez votre processus d&rsquo;inventaire et gagnez du temps pr\u00e9cieux gr\u00e2ce \u00e0 notre application intuitive et conviviale.<\/p>\n<\/div>\n\n\n\n<figure class=\"wp-block-image aligncenter size-large is-resized\"><a href=\"https:\/\/play.google.com\/store\/apps\/details?id=com.wah.inventaire\"><img decoding=\"async\" src=\"https:\/\/play.google.com\/intl\/en_us\/badges\/images\/generic\/fr-play-badge.png\" alt=\"\" style=\"width:227px;height:auto\"\/><\/a><\/figure>\n\n\n\n<figure class=\"wp-block-image aligncenter size-full is-resized\"><a href=\"https:\/\/apps.apple.com\/us\/app\/inventaire-facile\/id6740422168\"><img loading=\"lazy\" decoding=\"async\" width=\"527\" height=\"167\" src=\"https:\/\/wahsoft.com\/wp-content\/uploads\/2025\/01\/Download_on_the_App_Store_Badge_FR_blk_100517.png\" alt=\"\" class=\"wp-image-392\" style=\"width:227px;height:auto\" srcset=\"https:\/\/wahsoft.com\/wp-content\/uploads\/2025\/01\/Download_on_the_App_Store_Badge_FR_blk_100517.png 527w, https:\/\/wahsoft.com\/wp-content\/uploads\/2025\/01\/Download_on_the_App_Store_Badge_FR_blk_100517-300x95.png 300w\" sizes=\"auto, (max-width: 527px) 100vw, 527px\" \/><\/a><\/figure>\n\n\n\n<div style=\"height:var(--wp--preset--spacing--30)\" aria-hidden=\"true\" class=\"wp-block-spacer\"><\/div>\n\n\n\n<figure class=\"wp-block-gallery has-nested-images columns-default is-cropped wp-block-gallery-1 is-layout-flex wp-block-gallery-is-layout-flex\">\n<figure class=\"wp-block-image size-full\"><a href=\"https:\/\/wahsoft.com\/wp-content\/uploads\/2023\/11\/590x300.png\"><img loading=\"lazy\" decoding=\"async\" width=\"590\" height=\"300\" data-id=\"66\" src=\"https:\/\/wahsoft.com\/wp-content\/uploads\/2023\/11\/590x300.png\" alt=\"Support multi-langues\" class=\"wp-image-66\" srcset=\"https:\/\/wahsoft.com\/wp-content\/uploads\/2023\/11\/590x300.png 590w, https:\/\/wahsoft.com\/wp-content\/uploads\/2023\/11\/590x300-300x153.png 300w\" sizes=\"auto, (max-width: 590px) 100vw, 590px\" \/><\/a><\/figure>\n\n\n\n<figure class=\"wp-block-image size-full\"><a href=\"https:\/\/wahsoft.com\/wp-content\/uploads\/2023\/11\/Screenshot_20230806_124030.png\"><img loading=\"lazy\" decoding=\"async\" width=\"1080\" height=\"2280\" data-id=\"69\" src=\"https:\/\/wahsoft.com\/wp-content\/uploads\/2023\/11\/Screenshot_20230806_124030.png\" alt=\"Recherche de produit par codebarre, nom...etc\" class=\"wp-image-69\" srcset=\"https:\/\/wahsoft.com\/wp-content\/uploads\/2023\/11\/Screenshot_20230806_124030.png 1080w, https:\/\/wahsoft.com\/wp-content\/uploads\/2023\/11\/Screenshot_20230806_124030-142x300.png 142w, https:\/\/wahsoft.com\/wp-content\/uploads\/2023\/11\/Screenshot_20230806_124030-485x1024.png 485w, https:\/\/wahsoft.com\/wp-content\/uploads\/2023\/11\/Screenshot_20230806_124030-768x1621.png 768w, https:\/\/wahsoft.com\/wp-content\/uploads\/2023\/11\/Screenshot_20230806_124030-728x1536.png 728w, https:\/\/wahsoft.com\/wp-content\/uploads\/2023\/11\/Screenshot_20230806_124030-970x2048.png 970w\" sizes=\"auto, (max-width: 1080px) 100vw, 1080px\" \/><\/a><\/figure>\n\n\n\n<figure class=\"wp-block-image size-full\"><a href=\"https:\/\/wahsoft.com\/wp-content\/uploads\/2023\/11\/Screenshot_20230806_124519.png\"><img loading=\"lazy\" decoding=\"async\" width=\"1080\" height=\"2280\" data-id=\"71\" src=\"https:\/\/wahsoft.com\/wp-content\/uploads\/2023\/11\/Screenshot_20230806_124519.png\" alt=\"Inventaires class\u00e9 sous forme de dossiers\" class=\"wp-image-71\" srcset=\"https:\/\/wahsoft.com\/wp-content\/uploads\/2023\/11\/Screenshot_20230806_124519.png 1080w, https:\/\/wahsoft.com\/wp-content\/uploads\/2023\/11\/Screenshot_20230806_124519-142x300.png 142w, https:\/\/wahsoft.com\/wp-content\/uploads\/2023\/11\/Screenshot_20230806_124519-485x1024.png 485w, https:\/\/wahsoft.com\/wp-content\/uploads\/2023\/11\/Screenshot_20230806_124519-768x1621.png 768w, https:\/\/wahsoft.com\/wp-content\/uploads\/2023\/11\/Screenshot_20230806_124519-728x1536.png 728w, https:\/\/wahsoft.com\/wp-content\/uploads\/2023\/11\/Screenshot_20230806_124519-970x2048.png 970w\" sizes=\"auto, (max-width: 1080px) 100vw, 1080px\" \/><\/a><\/figure>\n\n\n\n<figure class=\"wp-block-image size-full\"><a href=\"https:\/\/wahsoft.com\/wp-content\/uploads\/2023\/11\/Screenshot_20230806_124550.png\"><img loading=\"lazy\" decoding=\"async\" width=\"1080\" height=\"2280\" data-id=\"70\" src=\"https:\/\/wahsoft.com\/wp-content\/uploads\/2023\/11\/Screenshot_20230806_124550.png\" alt=\"\" class=\"wp-image-70\" srcset=\"https:\/\/wahsoft.com\/wp-content\/uploads\/2023\/11\/Screenshot_20230806_124550.png 1080w, https:\/\/wahsoft.com\/wp-content\/uploads\/2023\/11\/Screenshot_20230806_124550-142x300.png 142w, https:\/\/wahsoft.com\/wp-content\/uploads\/2023\/11\/Screenshot_20230806_124550-485x1024.png 485w, https:\/\/wahsoft.com\/wp-content\/uploads\/2023\/11\/Screenshot_20230806_124550-768x1621.png 768w, https:\/\/wahsoft.com\/wp-content\/uploads\/2023\/11\/Screenshot_20230806_124550-728x1536.png 728w, https:\/\/wahsoft.com\/wp-content\/uploads\/2023\/11\/Screenshot_20230806_124550-970x2048.png 970w\" sizes=\"auto, (max-width: 1080px) 100vw, 1080px\" \/><\/a><\/figure>\n\n\n\n<figure class=\"wp-block-image size-full\"><a href=\"https:\/\/wahsoft.com\/wp-content\/uploads\/2023\/11\/Screenshot_20230824_155052.jpg\"><img loading=\"lazy\" decoding=\"async\" width=\"1080\" height=\"2400\" data-id=\"82\" src=\"https:\/\/wahsoft.com\/wp-content\/uploads\/2023\/11\/Screenshot_20230824_155052.jpg\" alt=\"\" class=\"wp-image-82\" srcset=\"https:\/\/wahsoft.com\/wp-content\/uploads\/2023\/11\/Screenshot_20230824_155052.jpg 1080w, https:\/\/wahsoft.com\/wp-content\/uploads\/2023\/11\/Screenshot_20230824_155052-135x300.jpg 135w, https:\/\/wahsoft.com\/wp-content\/uploads\/2023\/11\/Screenshot_20230824_155052-461x1024.jpg 461w, https:\/\/wahsoft.com\/wp-content\/uploads\/2023\/11\/Screenshot_20230824_155052-768x1707.jpg 768w, https:\/\/wahsoft.com\/wp-content\/uploads\/2023\/11\/Screenshot_20230824_155052-691x1536.jpg 691w, https:\/\/wahsoft.com\/wp-content\/uploads\/2023\/11\/Screenshot_20230824_155052-922x2048.jpg 922w\" sizes=\"auto, (max-width: 1080px) 100vw, 1080px\" \/><\/a><\/figure>\n\n\n\n<figure class=\"wp-block-image size-full\"><a href=\"https:\/\/wahsoft.com\/wp-content\/uploads\/2023\/11\/Screenshot_20230824_154736.png\"><img loading=\"lazy\" decoding=\"async\" width=\"1080\" height=\"2400\" data-id=\"76\" src=\"https:\/\/wahsoft.com\/wp-content\/uploads\/2023\/11\/Screenshot_20230824_154736.png\" alt=\"Importer la liste des produits depuis un fichier Excel\" class=\"wp-image-76\" srcset=\"https:\/\/wahsoft.com\/wp-content\/uploads\/2023\/11\/Screenshot_20230824_154736.png 1080w, https:\/\/wahsoft.com\/wp-content\/uploads\/2023\/11\/Screenshot_20230824_154736-135x300.png 135w, https:\/\/wahsoft.com\/wp-content\/uploads\/2023\/11\/Screenshot_20230824_154736-461x1024.png 461w, https:\/\/wahsoft.com\/wp-content\/uploads\/2023\/11\/Screenshot_20230824_154736-768x1707.png 768w, https:\/\/wahsoft.com\/wp-content\/uploads\/2023\/11\/Screenshot_20230824_154736-691x1536.png 691w, https:\/\/wahsoft.com\/wp-content\/uploads\/2023\/11\/Screenshot_20230824_154736-922x2048.png 922w\" sizes=\"auto, (max-width: 1080px) 100vw, 1080px\" \/><\/a><\/figure>\n<\/figure>\n<\/div>\n\n\n\n<div class=\"wp-block-group alignfull has-base-2-background-color has-background is-layout-constrained wp-container-core-group-is-layout-669513ed wp-block-group-is-layout-constrained\" style=\"margin-top:0;margin-bottom:0;padding-top:var(--wp--preset--spacing--50);padding-right:var(--wp--preset--spacing--50);padding-bottom:var(--wp--preset--spacing--50);padding-left:var(--wp--preset--spacing--50)\">\n<div style=\"margin-top:0;margin-bottom:0;height:var(--wp--preset--spacing--40)\" aria-hidden=\"true\" class=\"wp-block-spacer\"><\/div>\n\n\n\n<div class=\"wp-block-columns alignwide is-layout-flex wp-container-core-columns-is-layout-d0bbbce0 wp-block-columns-is-layout-flex\">\n<div class=\"wp-block-column is-layout-flow wp-container-core-column-is-layout-e3d1c41b wp-block-column-is-layout-flow\">\n<h3 class=\"wp-block-heading has-text-align-left is-style-asterisk has-body-font-family has-medium-font-size\" style=\"font-style:normal;font-weight:600\">Facilit\u00e9 d&rsquo;utilisation<\/h3>\n\n\n\n<p class=\"has-text-align-left\">conviviale et facile \u00e0 utiliser, m\u00eame pour les personnes n&rsquo;ayant aucune exp\u00e9rience en gestion d&rsquo;inventaire.<\/p>\n<\/div>\n\n\n\n<div class=\"wp-block-column is-layout-flow wp-container-core-column-is-layout-e3d1c41b wp-block-column-is-layout-flow\">\n<h3 class=\"wp-block-heading has-text-align-left is-style-asterisk has-body-font-family has-medium-font-size\" style=\"font-style:normal;font-weight:600\">Besoin que de votre smartphone<\/h3>\n\n\n\n<p class=\"has-text-align-left\">Il vous suffit de scanner le code-barres de chaque produit \u00e0 l&rsquo;aide de la cam\u00e9ra. Vous n&rsquo;aurez plus besoin de prendre des notes fastidieuses ni de vous soucier des erreurs de saisie.<\/p>\n<\/div>\n\n\n\n<div class=\"wp-block-column is-layout-flow wp-container-core-column-is-layout-e3d1c41b wp-block-column-is-layout-flow\">\n<h3 class=\"wp-block-heading has-text-align-left is-style-asterisk has-body-font-family has-medium-font-size\" style=\"font-style:normal;font-weight:600\">Partagez vos inventaire<\/h3>\n\n\n\n<p class=\"has-text-align-left\">Partagez rapidement et facilement les r\u00e9sultats avec vos coll\u00e8gues ou de les int\u00e9grer dans d&rsquo;autres outils de gestion existants..<\/p>\n<\/div>\n<\/div>\n\n\n\n<div style=\"height:var(--wp--preset--spacing--20)\" aria-hidden=\"true\" class=\"wp-block-spacer\"><\/div>\n\n\n\n<div class=\"wp-block-columns alignwide is-layout-flex wp-container-core-columns-is-layout-d0bbbce0 wp-block-columns-is-layout-flex\">\n<div class=\"wp-block-column is-layout-flow wp-container-core-column-is-layout-e3d1c41b wp-block-column-is-layout-flow\"><\/div>\n\n\n\n<div class=\"wp-block-column is-layout-flow wp-container-core-column-is-layout-e3d1c41b wp-block-column-is-layout-flow\" style=\"flex-basis:100%\">\n<h3 class=\"wp-block-heading has-text-align-center is-style-asterisk has-body-font-family has-medium-font-size\" style=\"font-style:normal;font-weight:600\">C&rsquo;est totalement gratuit!<\/h3>\n\n\n\n<p class=\"has-text-align-center\">Vous pouvez la t\u00e9l\u00e9charger directement depuis Google Playstore.<\/p>\n\n\n\n<figure class=\"wp-block-image aligncenter size-large is-resized\"><a href=\"https:\/\/play.google.com\/store\/apps\/details?id=com.wah.inventaire\"><img decoding=\"async\" src=\"https:\/\/play.google.com\/intl\/en_us\/badges\/images\/generic\/fr-play-badge.png\" alt=\"\" style=\"width:227px;height:auto\"\/><\/a><\/figure>\n\n\n\n<figure class=\"wp-block-image aligncenter size-full is-resized\"><a href=\"https:\/\/apps.apple.com\/us\/app\/inventaire-facile\/id6740422168\"><img loading=\"lazy\" decoding=\"async\" width=\"527\" height=\"167\" src=\"https:\/\/wahsoft.com\/wp-content\/uploads\/2025\/01\/Download_on_the_App_Store_Badge_FR_blk_100517.png\" alt=\"\" class=\"wp-image-392\" style=\"width:227px;height:auto\" srcset=\"https:\/\/wahsoft.com\/wp-content\/uploads\/2025\/01\/Download_on_the_App_Store_Badge_FR_blk_100517.png 527w, https:\/\/wahsoft.com\/wp-content\/uploads\/2025\/01\/Download_on_the_App_Store_Badge_FR_blk_100517-300x95.png 300w\" sizes=\"auto, (max-width: 527px) 100vw, 527px\" \/><\/a><\/figure>\n<\/div>\n<\/div>\n<\/div>\n","protected":false},"excerpt":{"rendered":"<p>Une solution pratique pour g\u00e9rer vos inventaires en utilisant simplement votre smartphone. Importez facilement vos listes de produits via un fichier Excel, effectuez des inventaires en scannant les codes-barres avec la cam\u00e9ra de votre t\u00e9l\u00e9phone, et partagez les r\u00e9sultats sous forme de fichiers Excel. Simplifiez votre processus d&rsquo;inventaire et gagnez du temps pr\u00e9cieux gr\u00e2ce \u00e0 [&hellip;]<\/p>\n","protected":false},"author":1,"featured_media":0,"parent":0,"menu_order":0,"comment_status":"closed","ping_status":"closed","template":"","meta":{"footnotes":""},"class_list":["post-37","page","type-page","status-publish","hentry"],"blocksy_meta":[],"yoast_head":"<!-- This site is optimized with the Yoast SEO plugin v27.5 - https:\/\/yoast.com\/product\/yoast-seo-wordpress\/ -->\n<title>Inventaire mobile facile - WahSoft<\/title>\n<meta name=\"robots\" content=\"index, follow, max-snippet:-1, max-image-preview:large, max-video-preview:-1\" \/>\n<link rel=\"canonical\" href=\"https:\/\/wahsoft.com\/index.php\/inventaire-mobile-facile\/\" \/>\n<meta property=\"og:locale\" content=\"fr_FR\" \/>\n<meta property=\"og:type\" content=\"article\" \/>\n<meta property=\"og:title\" content=\"Inventaire mobile facile - WahSoft\" \/>\n<meta property=\"og:description\" content=\"Une solution pratique pour g\u00e9rer vos inventaires en utilisant simplement votre smartphone. Importez facilement vos listes de produits via un fichier Excel, effectuez des inventaires en scannant les codes-barres avec la cam\u00e9ra de votre t\u00e9l\u00e9phone, et partagez les r\u00e9sultats sous forme de fichiers Excel. Simplifiez votre processus d&rsquo;inventaire et gagnez du temps pr\u00e9cieux gr\u00e2ce \u00e0 [&hellip;]\" \/>\n<meta property=\"og:url\" content=\"https:\/\/wahsoft.com\/index.php\/inventaire-mobile-facile\/\" \/>\n<meta property=\"og:site_name\" content=\"WahSoft\" \/>\n<meta property=\"article:publisher\" content=\"https:\/\/www.facebook.com\/profile.php?id=61555161760474\" \/>\n<meta property=\"article:modified_time\" content=\"2025-01-29T05:35:21+00:00\" \/>\n<meta property=\"og:image\" content=\"https:\/\/wahsoft.com\/wp-content\/uploads\/2023\/11\/app_logo.png\" \/>\n\t<meta property=\"og:image:width\" content=\"512\" \/>\n\t<meta property=\"og:image:height\" content=\"512\" \/>\n\t<meta property=\"og:image:type\" content=\"image\/png\" \/>\n<meta name=\"twitter:card\" content=\"summary_large_image\" \/>\n<meta name=\"twitter:label1\" content=\"Dur\u00e9e de lecture estim\u00e9e\" \/>\n\t<meta name=\"twitter:data1\" content=\"3 minutes\" \/>\n<script type=\"application\/ld+json\" class=\"yoast-schema-graph\">{\"@context\":\"https:\\\/\\\/schema.org\",\"@graph\":[{\"@type\":\"WebPage\",\"@id\":\"https:\\\/\\\/wahsoft.com\\\/index.php\\\/inventaire-mobile-facile\\\/\",\"url\":\"https:\\\/\\\/wahsoft.com\\\/index.php\\\/inventaire-mobile-facile\\\/\",\"name\":\"Inventaire mobile facile - WahSoft\",\"isPartOf\":{\"@id\":\"https:\\\/\\\/wahsoft.com\\\/#website\"},\"primaryImageOfPage\":{\"@id\":\"https:\\\/\\\/wahsoft.com\\\/index.php\\\/inventaire-mobile-facile\\\/#primaryimage\"},\"image\":{\"@id\":\"https:\\\/\\\/wahsoft.com\\\/index.php\\\/inventaire-mobile-facile\\\/#primaryimage\"},\"thumbnailUrl\":\"https:\\\/\\\/wahsoft.com\\\/wp-content\\\/uploads\\\/2023\\\/11\\\/app_logo.png\",\"datePublished\":\"2023-11-15T17:22:37+00:00\",\"dateModified\":\"2025-01-29T05:35:21+00:00\",\"breadcrumb\":{\"@id\":\"https:\\\/\\\/wahsoft.com\\\/index.php\\\/inventaire-mobile-facile\\\/#breadcrumb\"},\"inLanguage\":\"fr-FR\",\"potentialAction\":[{\"@type\":\"ReadAction\",\"target\":[\"https:\\\/\\\/wahsoft.com\\\/index.php\\\/inventaire-mobile-facile\\\/\"]}]},{\"@type\":\"ImageObject\",\"inLanguage\":\"fr-FR\",\"@id\":\"https:\\\/\\\/wahsoft.com\\\/index.php\\\/inventaire-mobile-facile\\\/#primaryimage\",\"url\":\"https:\\\/\\\/wahsoft.com\\\/wp-content\\\/uploads\\\/2023\\\/11\\\/app_logo.png\",\"contentUrl\":\"https:\\\/\\\/wahsoft.com\\\/wp-content\\\/uploads\\\/2023\\\/11\\\/app_logo.png\",\"width\":512,\"height\":512},{\"@type\":\"BreadcrumbList\",\"@id\":\"https:\\\/\\\/wahsoft.com\\\/index.php\\\/inventaire-mobile-facile\\\/#breadcrumb\",\"itemListElement\":[{\"@type\":\"ListItem\",\"position\":1,\"name\":\"Accueil\",\"item\":\"https:\\\/\\\/wahsoft.com\\\/\"},{\"@type\":\"ListItem\",\"position\":2,\"name\":\"Inventaire mobile facile\"}]},{\"@type\":\"WebSite\",\"@id\":\"https:\\\/\\\/wahsoft.com\\\/#website\",\"url\":\"https:\\\/\\\/wahsoft.com\\\/\",\"name\":\"WahSoft\",\"description\":\"\",\"publisher\":{\"@id\":\"https:\\\/\\\/wahsoft.com\\\/#organization\"},\"potentialAction\":[{\"@type\":\"SearchAction\",\"target\":{\"@type\":\"EntryPoint\",\"urlTemplate\":\"https:\\\/\\\/wahsoft.com\\\/?s={search_term_string}\"},\"query-input\":{\"@type\":\"PropertyValueSpecification\",\"valueRequired\":true,\"valueName\":\"search_term_string\"}}],\"inLanguage\":\"fr-FR\"},{\"@type\":\"Organization\",\"@id\":\"https:\\\/\\\/wahsoft.com\\\/#organization\",\"name\":\"WahSoft\",\"url\":\"https:\\\/\\\/wahsoft.com\\\/\",\"logo\":{\"@type\":\"ImageObject\",\"inLanguage\":\"fr-FR\",\"@id\":\"https:\\\/\\\/wahsoft.com\\\/#\\\/schema\\\/logo\\\/image\\\/\",\"url\":\"https:\\\/\\\/wahsoft.com\\\/wp-content\\\/uploads\\\/2024\\\/04\\\/logo11111-e1712284610931.png\",\"contentUrl\":\"https:\\\/\\\/wahsoft.com\\\/wp-content\\\/uploads\\\/2024\\\/04\\\/logo11111-e1712284610931.png\",\"width\":240,\"height\":63,\"caption\":\"WahSoft\"},\"image\":{\"@id\":\"https:\\\/\\\/wahsoft.com\\\/#\\\/schema\\\/logo\\\/image\\\/\"},\"sameAs\":[\"https:\\\/\\\/www.facebook.com\\\/profile.php?id=61555161760474\"]}]}<\/script>\n<!-- \/ Yoast SEO plugin. -->","yoast_head_json":{"title":"Inventaire mobile facile - WahSoft","robots":{"index":"index","follow":"follow","max-snippet":"max-snippet:-1","max-image-preview":"max-image-preview:large","max-video-preview":"max-video-preview:-1"},"canonical":"https:\/\/wahsoft.com\/index.php\/inventaire-mobile-facile\/","og_locale":"fr_FR","og_type":"article","og_title":"Inventaire mobile facile - WahSoft","og_description":"Une solution pratique pour g\u00e9rer vos inventaires en utilisant simplement votre smartphone. Importez facilement vos listes de produits via un fichier Excel, effectuez des inventaires en scannant les codes-barres avec la cam\u00e9ra de votre t\u00e9l\u00e9phone, et partagez les r\u00e9sultats sous forme de fichiers Excel. Simplifiez votre processus d&rsquo;inventaire et gagnez du temps pr\u00e9cieux gr\u00e2ce \u00e0 [&hellip;]","og_url":"https:\/\/wahsoft.com\/index.php\/inventaire-mobile-facile\/","og_site_name":"WahSoft","article_publisher":"https:\/\/www.facebook.com\/profile.php?id=61555161760474","article_modified_time":"2025-01-29T05:35:21+00:00","og_image":[{"width":512,"height":512,"url":"https:\/\/wahsoft.com\/wp-content\/uploads\/2023\/11\/app_logo.png","type":"image\/png"}],"twitter_card":"summary_large_image","twitter_misc":{"Dur\u00e9e de lecture estim\u00e9e":"3 minutes"},"schema":{"@context":"https:\/\/schema.org","@graph":[{"@type":"WebPage","@id":"https:\/\/wahsoft.com\/index.php\/inventaire-mobile-facile\/","url":"https:\/\/wahsoft.com\/index.php\/inventaire-mobile-facile\/","name":"Inventaire mobile facile - WahSoft","isPartOf":{"@id":"https:\/\/wahsoft.com\/#website"},"primaryImageOfPage":{"@id":"https:\/\/wahsoft.com\/index.php\/inventaire-mobile-facile\/#primaryimage"},"image":{"@id":"https:\/\/wahsoft.com\/index.php\/inventaire-mobile-facile\/#primaryimage"},"thumbnailUrl":"https:\/\/wahsoft.com\/wp-content\/uploads\/2023\/11\/app_logo.png","datePublished":"2023-11-15T17:22:37+00:00","dateModified":"2025-01-29T05:35:21+00:00","breadcrumb":{"@id":"https:\/\/wahsoft.com\/index.php\/inventaire-mobile-facile\/#breadcrumb"},"inLanguage":"fr-FR","potentialAction":[{"@type":"ReadAction","target":["https:\/\/wahsoft.com\/index.php\/inventaire-mobile-facile\/"]}]},{"@type":"ImageObject","inLanguage":"fr-FR","@id":"https:\/\/wahsoft.com\/index.php\/inventaire-mobile-facile\/#primaryimage","url":"https:\/\/wahsoft.com\/wp-content\/uploads\/2023\/11\/app_logo.png","contentUrl":"https:\/\/wahsoft.com\/wp-content\/uploads\/2023\/11\/app_logo.png","width":512,"height":512},{"@type":"BreadcrumbList","@id":"https:\/\/wahsoft.com\/index.php\/inventaire-mobile-facile\/#breadcrumb","itemListElement":[{"@type":"ListItem","position":1,"name":"Accueil","item":"https:\/\/wahsoft.com\/"},{"@type":"ListItem","position":2,"name":"Inventaire mobile facile"}]},{"@type":"WebSite","@id":"https:\/\/wahsoft.com\/#website","url":"https:\/\/wahsoft.com\/","name":"WahSoft","description":"","publisher":{"@id":"https:\/\/wahsoft.com\/#organization"},"potentialAction":[{"@type":"SearchAction","target":{"@type":"EntryPoint","urlTemplate":"https:\/\/wahsoft.com\/?s={search_term_string}"},"query-input":{"@type":"PropertyValueSpecification","valueRequired":true,"valueName":"search_term_string"}}],"inLanguage":"fr-FR"},{"@type":"Organization","@id":"https:\/\/wahsoft.com\/#organization","name":"WahSoft","url":"https:\/\/wahsoft.com\/","logo":{"@type":"ImageObject","inLanguage":"fr-FR","@id":"https:\/\/wahsoft.com\/#\/schema\/logo\/image\/","url":"https:\/\/wahsoft.com\/wp-content\/uploads\/2024\/04\/logo11111-e1712284610931.png","contentUrl":"https:\/\/wahsoft.com\/wp-content\/uploads\/2024\/04\/logo11111-e1712284610931.png","width":240,"height":63,"caption":"WahSoft"},"image":{"@id":"https:\/\/wahsoft.com\/#\/schema\/logo\/image\/"},"sameAs":["https:\/\/www.facebook.com\/profile.php?id=61555161760474"]}]}},"_links":{"self":[{"href":"https:\/\/wahsoft.com\/index.php\/wp-json\/wp\/v2\/pages\/37","targetHints":{"allow":["GET"]}}],"collection":[{"href":"https:\/\/wahsoft.com\/index.php\/wp-json\/wp\/v2\/pages"}],"about":[{"href":"https:\/\/wahsoft.com\/index.php\/wp-json\/wp\/v2\/types\/page"}],"author":[{"embeddable":true,"href":"https:\/\/wahsoft.com\/index.php\/wp-json\/wp\/v2\/users\/1"}],"replies":[{"embeddable":true,"href":"https:\/\/wahsoft.com\/index.php\/wp-json\/wp\/v2\/comments?post=37"}],"version-history":[{"count":23,"href":"https:\/\/wahsoft.com\/index.php\/wp-json\/wp\/v2\/pages\/37\/revisions"}],"predecessor-version":[{"id":394,"href":"https:\/\/wahsoft.com\/index.php\/wp-json\/wp\/v2\/pages\/37\/revisions\/394"}],"wp:attachment":[{"href":"https:\/\/wahsoft.com\/index.php\/wp-json\/wp\/v2\/media?parent=37"}],"curies":[{"name":"wp","href":"https:\/\/api.w.org\/{rel}","templated":true}]}}