{"id":183,"date":"2024-04-05T03:29:22","date_gmt":"2024-04-05T02:29:22","guid":{"rendered":"https:\/\/wahsoft.com\/?page_id=183"},"modified":"2025-08-26T03:17:07","modified_gmt":"2025-08-26T02:17:07","slug":"imprimez-vos-cheques","status":"publish","type":"page","link":"https:\/\/wahsoft.com\/","title":{"rendered":""},"content":{"rendered":"\n<h1 class=\"wp-block-heading has-text-align-center\">Gestion des ch\u00e8ques<\/h1>\n\n\n\n<p><\/p>\n\n\n\n<h3 class=\"wp-block-heading\">Simplifiez la Gestion de Vos Ch\u00e8ques<\/h3>\n\n\n\n<p><\/p>\n\n\n\n<p><strong>Fonctionnalit\u00e9s Cl\u00e9s :<\/strong><\/p>\n\n\n\n<ul class=\"wp-block-list\">\n<li><strong>\u00c9mission et R\u00e9ception de Ch\u00e8ques :<\/strong> G\u00e9rez facilement tous les ch\u00e8ques \u00e9mis et re\u00e7us au sein d&rsquo;une interface utilisateur intuitive. Notre logiciel permet une saisie rapide et sans erreur, \u00e9liminant les risques associ\u00e9s aux inscriptions manuscrites.<\/li>\n\n\n\n<li><strong>Impression S\u00e9curis\u00e9e :<\/strong> Imprimez directement vos ch\u00e8ques depuis votre ordinateur, assurant \u00e0 la fois la s\u00e9curit\u00e9 et l&rsquo;uniformit\u00e9. Cette fonctionnalit\u00e9 r\u00e9duit les erreurs manuscrites et acc\u00e9l\u00e8re le processus d&rsquo;\u00e9mission des ch\u00e8ques.<\/li>\n\n\n\n<li><strong>Suivi et Tra\u00e7abilit\u00e9 :<\/strong> Suivez chaque ch\u00e8que \u00e0 travers toutes les \u00e9tapes de son cycle de vie &#8211; de l&rsquo;\u00e9mission \u00e0 la constatation en banque, et jusqu&rsquo;au rejet \u00e9ventuel. Notre logiciel fournit une visibilit\u00e9 compl\u00e8te, vous permettant de rester inform\u00e9 sur l&rsquo;\u00e9tat de chaque transaction.<\/li>\n\n\n\n<li><strong>Gestion des Ch\u00e8ques Rejet\u00e9s :<\/strong> Identifiez rapidement les ch\u00e8ques rejet\u00e9s et g\u00e9rez-les efficacement pour minimiser les perturbations financi\u00e8res. Notre syst\u00e8me permet une r\u00e9action rapide pour r\u00e9soudre tout probl\u00e8me li\u00e9 aux rejets.<\/li>\n<\/ul>\n\n\n\n<p><\/p>\n\n\n\n<p><strong>Contactez-nous d\u00e8s maintenant pour en savoir plus. Simplifiez la gestion de vos ch\u00e8ques d\u00e8s aujourd&rsquo;hui !<\/strong><\/p>\n\n\n\n<p><\/p>\n\n\n\n<figure class=\"wp-block-gallery has-nested-images columns-4 is-cropped wp-block-gallery-1 is-layout-flex wp-block-gallery-is-layout-flex\">\n<figure class=\"wp-block-image size-large\"><a href=\"https:\/\/wahsoft.com\/wp-content\/uploads\/2024\/04\/Capture-decran-2024-04-06-071459.png\" target=\"_blank\" rel=\"noopener\"><img loading=\"lazy\" decoding=\"async\" width=\"1024\" height=\"543\" data-id=\"211\" src=\"https:\/\/wahsoft.com\/wp-content\/uploads\/2024\/04\/Capture-decran-2024-04-06-071459-1024x543.png\" alt=\"\" class=\"wp-image-211\" srcset=\"https:\/\/wahsoft.com\/wp-content\/uploads\/2024\/04\/Capture-decran-2024-04-06-071459-1024x543.png 1024w, https:\/\/wahsoft.com\/wp-content\/uploads\/2024\/04\/Capture-decran-2024-04-06-071459-300x159.png 300w, https:\/\/wahsoft.com\/wp-content\/uploads\/2024\/04\/Capture-decran-2024-04-06-071459-768x407.png 768w, https:\/\/wahsoft.com\/wp-content\/uploads\/2024\/04\/Capture-decran-2024-04-06-071459-1536x815.png 1536w, https:\/\/wahsoft.com\/wp-content\/uploads\/2024\/04\/Capture-decran-2024-04-06-071459.png 1599w\" sizes=\"auto, (max-width: 1024px) 100vw, 1024px\" \/><\/a><figcaption class=\"wp-element-caption\">Ch\u00e8ques re\u00e7u<\/figcaption><\/figure>\n\n\n\n<figure class=\"wp-block-image aligncenter size-full has-custom-border is-style-default\"><a href=\"https:\/\/wahsoft.com\/wp-content\/uploads\/2024\/09\/Liste_banques.png\" target=\"_blank\" rel=\"noopener\"><img loading=\"lazy\" decoding=\"async\" width=\"645\" height=\"1032\" data-id=\"293\" src=\"https:\/\/wahsoft.com\/wp-content\/uploads\/2024\/09\/Liste_banques.png\" alt=\"\" class=\"wp-image-293\" style=\"border-style:none;border-width:0px;border-radius:0px\" srcset=\"https:\/\/wahsoft.com\/wp-content\/uploads\/2024\/09\/Liste_banques.png 645w, https:\/\/wahsoft.com\/wp-content\/uploads\/2024\/09\/Liste_banques-188x300.png 188w, https:\/\/wahsoft.com\/wp-content\/uploads\/2024\/09\/Liste_banques-640x1024.png 640w\" sizes=\"auto, (max-width: 645px) 100vw, 645px\" \/><\/a><figcaption class=\"wp-element-caption\">Liste banques<\/figcaption><\/figure>\n\n\n\n<figure class=\"wp-block-image size-large\"><a href=\"https:\/\/wahsoft.com\/wp-content\/uploads\/2024\/04\/Capture-decran-2024-04-05-031239.png\" target=\"_blank\" rel=\"noopener\"><img loading=\"lazy\" decoding=\"async\" width=\"1024\" height=\"677\" data-id=\"186\" src=\"https:\/\/wahsoft.com\/wp-content\/uploads\/2024\/04\/Capture-decran-2024-04-05-031239-1024x677.png\" alt=\"\" class=\"wp-image-186\" srcset=\"https:\/\/wahsoft.com\/wp-content\/uploads\/2024\/04\/Capture-decran-2024-04-05-031239-1024x677.png 1024w, https:\/\/wahsoft.com\/wp-content\/uploads\/2024\/04\/Capture-decran-2024-04-05-031239-300x198.png 300w, https:\/\/wahsoft.com\/wp-content\/uploads\/2024\/04\/Capture-decran-2024-04-05-031239-768x508.png 768w, https:\/\/wahsoft.com\/wp-content\/uploads\/2024\/04\/Capture-decran-2024-04-05-031239.png 1279w\" sizes=\"auto, (max-width: 1024px) 100vw, 1024px\" \/><\/a><figcaption class=\"wp-element-caption\">Impression<\/figcaption><\/figure>\n\n\n\n<figure class=\"wp-block-image size-large\"><a href=\"https:\/\/wahsoft.com\/wp-content\/uploads\/2024\/04\/Capture-decran-2024-04-06-071426.png\" target=\"_blank\" rel=\"noopener\"><img loading=\"lazy\" decoding=\"async\" width=\"1024\" height=\"544\" data-id=\"212\" src=\"https:\/\/wahsoft.com\/wp-content\/uploads\/2024\/04\/Capture-decran-2024-04-06-071426-1024x544.png\" alt=\"\" class=\"wp-image-212\" srcset=\"https:\/\/wahsoft.com\/wp-content\/uploads\/2024\/04\/Capture-decran-2024-04-06-071426-1024x544.png 1024w, https:\/\/wahsoft.com\/wp-content\/uploads\/2024\/04\/Capture-decran-2024-04-06-071426-300x159.png 300w, https:\/\/wahsoft.com\/wp-content\/uploads\/2024\/04\/Capture-decran-2024-04-06-071426-768x408.png 768w, https:\/\/wahsoft.com\/wp-content\/uploads\/2024\/04\/Capture-decran-2024-04-06-071426-1536x816.png 1536w, https:\/\/wahsoft.com\/wp-content\/uploads\/2024\/04\/Capture-decran-2024-04-06-071426.png 1599w\" sizes=\"auto, (max-width: 1024px) 100vw, 1024px\" \/><\/a><figcaption class=\"wp-element-caption\">Ch\u00e8ques \u00e9mis<\/figcaption><\/figure>\n\n\n\n<figure class=\"wp-block-image size-large\"><img loading=\"lazy\" decoding=\"async\" width=\"1024\" height=\"542\" data-id=\"411\" src=\"https:\/\/wahsoft.com\/wp-content\/uploads\/2025\/01\/Capture-decran-2024-04-05-031158-1024x542.png\" alt=\"\" class=\"wp-image-411\" srcset=\"https:\/\/wahsoft.com\/wp-content\/uploads\/2025\/01\/Capture-decran-2024-04-05-031158-1024x542.png 1024w, https:\/\/wahsoft.com\/wp-content\/uploads\/2025\/01\/Capture-decran-2024-04-05-031158-300x159.png 300w, https:\/\/wahsoft.com\/wp-content\/uploads\/2025\/01\/Capture-decran-2024-04-05-031158-768x406.png 768w, https:\/\/wahsoft.com\/wp-content\/uploads\/2025\/01\/Capture-decran-2024-04-05-031158-1536x813.png 1536w, https:\/\/wahsoft.com\/wp-content\/uploads\/2025\/01\/Capture-decran-2024-04-05-031158.png 1599w\" sizes=\"auto, (max-width: 1024px) 100vw, 1024px\" \/><\/figure>\n<\/figure>\n\n\n\n<style>\n.btn {\n  background-color: Green;\n   border: none;\n  color: white;\n  padding: 12px 30px;\n  cursor: pointer;\n  font-size: 20px;\n}\n.btn:hover {\n  background-color: #30a810;\n}\n<\/style>\n \n\n<style>\n.btn {\n  background-color: Green;\n   border: none;\n  color: white;\n  padding: 12px 30px;\n  cursor: pointer;\n  font-size: 20px;\n}\n\n.btn:hover {\n  background-color: #30a810;\n}\n\n<\/style>\n\n<div style=\"text-align: center\">\n <a href=\"https:\/\/wahsoft.com\/index.php\/sdm_downloads\/gestion-complete-de-vos-cheques-emis-recus\/\"><button class=\"btn\">T\u00e9l\u00e9charger (Mono PC)<\/button> <\/a> \n<\/div>\n\n\n\n<style>\n.btn {\n  background-color: Green;\n   border: none;\n  color: white;\n  padding: 12px 30px;\n  cursor: pointer;\n  font-size: 20px;\n}\n.btn:hover {\n  background-color: #30a810;\n}\n<\/style>\n \n\n<style>\n.btn {\n  background-color: Green;\n   border: none;\n  color: white;\n  padding: 12px 30px;\n  cursor: pointer;\n  font-size: 20px;\n}\n\n.btn:hover {\n  background-color: #30a810;\n}\n\n<\/style>\n\n<div style=\"text-align: center\">\n <a href=\"https:\/\/wahsoft.com\/index.php\/gestion-cheque-version-reseau\/\"><button class=\"btn\"> T\u00e9l\u00e9charger (R\u00e9seau)<\/button> <\/a> \n<\/div>\n\n\n\n<p class=\"has-text-align-center has-large-font-size\">+213 562 02 03 42<\/p>\n\n\n\n<p><\/p>\n","protected":false},"excerpt":{"rendered":"<p>Gestion des ch\u00e8ques Simplifiez la Gestion de Vos Ch\u00e8ques Fonctionnalit\u00e9s Cl\u00e9s : Contactez-nous d\u00e8s maintenant pour en savoir plus. Simplifiez la gestion de vos ch\u00e8ques d\u00e8s aujourd&rsquo;hui ! T\u00e9l\u00e9charger (Mono PC) T\u00e9l\u00e9charger (R\u00e9seau) +213 562 02 03 42<\/p>\n","protected":false},"author":1,"featured_media":188,"parent":0,"menu_order":0,"comment_status":"closed","ping_status":"closed","template":"","meta":{"footnotes":""},"class_list":["post-183","page","type-page","status-publish","has-post-thumbnail","hentry"],"blocksy_meta":[],"yoast_head":"<!-- This site is optimized with the Yoast SEO plugin v27.3 - https:\/\/yoast.com\/product\/yoast-seo-wordpress\/ -->\n<title>- Imprimez vos ch\u00e8ques<\/title>\n<meta name=\"description\" content=\"Gestion des cheques est un \u00e9diteur de ch\u00e8ques pour Windows. Il permet d&#039;\u00e9crire \u00e0 l&#039;ordinateur toutes les informations \u00e0 saisir sur le ch\u00e8que\" \/>\n<meta name=\"robots\" content=\"index, follow, max-snippet:-1, max-image-preview:large, max-video-preview:-1\" \/>\n<link rel=\"canonical\" href=\"https:\/\/wahsoft.com\/\" \/>\n<meta property=\"og:locale\" content=\"fr_FR\" \/>\n<meta property=\"og:type\" content=\"article\" \/>\n<meta property=\"og:title\" content=\"- Imprimez vos ch\u00e8ques\" \/>\n<meta property=\"og:description\" content=\"Gestion des cheques est un \u00e9diteur de ch\u00e8ques pour Windows. Il permet d&#039;\u00e9crire \u00e0 l&#039;ordinateur toutes les informations \u00e0 saisir sur le ch\u00e8que\" \/>\n<meta property=\"og:url\" content=\"https:\/\/wahsoft.com\/\" \/>\n<meta property=\"og:site_name\" content=\"WahSoft\" \/>\n<meta property=\"article:publisher\" content=\"https:\/\/www.facebook.com\/profile.php?id=61555161760474\" \/>\n<meta property=\"article:modified_time\" content=\"2025-08-26T02:17:07+00:00\" \/>\n<meta property=\"og:image\" content=\"https:\/\/wahsoft.com\/wp-content\/uploads\/2024\/04\/Capture-decran-2024-04-05-031158.png\" \/>\n\t<meta property=\"og:image:width\" content=\"1599\" \/>\n\t<meta property=\"og:image:height\" content=\"846\" \/>\n\t<meta property=\"og:image:type\" content=\"image\/png\" \/>\n<meta name=\"twitter:card\" content=\"summary_large_image\" \/>\n<meta name=\"twitter:label1\" content=\"Dur\u00e9e de lecture estim\u00e9e\" \/>\n\t<meta name=\"twitter:data1\" content=\"3 minutes\" \/>\n<script type=\"application\/ld+json\" class=\"yoast-schema-graph\">{\"@context\":\"https:\\\/\\\/schema.org\",\"@graph\":[{\"@type\":\"WebPage\",\"@id\":\"https:\\\/\\\/wahsoft.com\\\/\",\"url\":\"https:\\\/\\\/wahsoft.com\\\/\",\"name\":\"- Imprimez vos ch\u00e8ques\",\"isPartOf\":{\"@id\":\"https:\\\/\\\/wahsoft.com\\\/#website\"},\"primaryImageOfPage\":{\"@id\":\"https:\\\/\\\/wahsoft.com\\\/#primaryimage\"},\"image\":{\"@id\":\"https:\\\/\\\/wahsoft.com\\\/#primaryimage\"},\"thumbnailUrl\":\"https:\\\/\\\/wahsoft.com\\\/wp-content\\\/uploads\\\/2024\\\/04\\\/Capture-decran-2024-04-05-031158.png\",\"datePublished\":\"2024-04-05T02:29:22+00:00\",\"dateModified\":\"2025-08-26T02:17:07+00:00\",\"description\":\"Gestion des cheques est un \u00e9diteur de ch\u00e8ques pour Windows. Il permet d'\u00e9crire \u00e0 l'ordinateur toutes les informations \u00e0 saisir sur le ch\u00e8que\",\"inLanguage\":\"fr-FR\",\"potentialAction\":[{\"@type\":\"ReadAction\",\"target\":[\"https:\\\/\\\/wahsoft.com\\\/\"]}]},{\"@type\":\"ImageObject\",\"inLanguage\":\"fr-FR\",\"@id\":\"https:\\\/\\\/wahsoft.com\\\/#primaryimage\",\"url\":\"https:\\\/\\\/wahsoft.com\\\/wp-content\\\/uploads\\\/2024\\\/04\\\/Capture-decran-2024-04-05-031158.png\",\"contentUrl\":\"https:\\\/\\\/wahsoft.com\\\/wp-content\\\/uploads\\\/2024\\\/04\\\/Capture-decran-2024-04-05-031158.png\",\"width\":1599,\"height\":846,\"caption\":\"Aper\u00e7u d'impression\"},{\"@type\":\"WebSite\",\"@id\":\"https:\\\/\\\/wahsoft.com\\\/#website\",\"url\":\"https:\\\/\\\/wahsoft.com\\\/\",\"name\":\"WahSoft\",\"description\":\"\",\"publisher\":{\"@id\":\"https:\\\/\\\/wahsoft.com\\\/#organization\"},\"potentialAction\":[{\"@type\":\"SearchAction\",\"target\":{\"@type\":\"EntryPoint\",\"urlTemplate\":\"https:\\\/\\\/wahsoft.com\\\/?s={search_term_string}\"},\"query-input\":{\"@type\":\"PropertyValueSpecification\",\"valueRequired\":true,\"valueName\":\"search_term_string\"}}],\"inLanguage\":\"fr-FR\"},{\"@type\":\"Organization\",\"@id\":\"https:\\\/\\\/wahsoft.com\\\/#organization\",\"name\":\"WahSoft\",\"url\":\"https:\\\/\\\/wahsoft.com\\\/\",\"logo\":{\"@type\":\"ImageObject\",\"inLanguage\":\"fr-FR\",\"@id\":\"https:\\\/\\\/wahsoft.com\\\/#\\\/schema\\\/logo\\\/image\\\/\",\"url\":\"https:\\\/\\\/wahsoft.com\\\/wp-content\\\/uploads\\\/2024\\\/04\\\/logo11111-e1712284610931.png\",\"contentUrl\":\"https:\\\/\\\/wahsoft.com\\\/wp-content\\\/uploads\\\/2024\\\/04\\\/logo11111-e1712284610931.png\",\"width\":240,\"height\":63,\"caption\":\"WahSoft\"},\"image\":{\"@id\":\"https:\\\/\\\/wahsoft.com\\\/#\\\/schema\\\/logo\\\/image\\\/\"},\"sameAs\":[\"https:\\\/\\\/www.facebook.com\\\/profile.php?id=61555161760474\"]}]}<\/script>\n<!-- \/ Yoast SEO plugin. -->","yoast_head_json":{"title":"- Imprimez vos ch\u00e8ques","description":"Gestion des cheques est un \u00e9diteur de ch\u00e8ques pour Windows. Il permet d'\u00e9crire \u00e0 l'ordinateur toutes les informations \u00e0 saisir sur le ch\u00e8que","robots":{"index":"index","follow":"follow","max-snippet":"max-snippet:-1","max-image-preview":"max-image-preview:large","max-video-preview":"max-video-preview:-1"},"canonical":"https:\/\/wahsoft.com\/","og_locale":"fr_FR","og_type":"article","og_title":"- Imprimez vos ch\u00e8ques","og_description":"Gestion des cheques est un \u00e9diteur de ch\u00e8ques pour Windows. Il permet d'\u00e9crire \u00e0 l'ordinateur toutes les informations \u00e0 saisir sur le ch\u00e8que","og_url":"https:\/\/wahsoft.com\/","og_site_name":"WahSoft","article_publisher":"https:\/\/www.facebook.com\/profile.php?id=61555161760474","article_modified_time":"2025-08-26T02:17:07+00:00","og_image":[{"width":1599,"height":846,"url":"https:\/\/wahsoft.com\/wp-content\/uploads\/2024\/04\/Capture-decran-2024-04-05-031158.png","type":"image\/png"}],"twitter_card":"summary_large_image","twitter_misc":{"Dur\u00e9e de lecture estim\u00e9e":"3 minutes"},"schema":{"@context":"https:\/\/schema.org","@graph":[{"@type":"WebPage","@id":"https:\/\/wahsoft.com\/","url":"https:\/\/wahsoft.com\/","name":"- Imprimez vos ch\u00e8ques","isPartOf":{"@id":"https:\/\/wahsoft.com\/#website"},"primaryImageOfPage":{"@id":"https:\/\/wahsoft.com\/#primaryimage"},"image":{"@id":"https:\/\/wahsoft.com\/#primaryimage"},"thumbnailUrl":"https:\/\/wahsoft.com\/wp-content\/uploads\/2024\/04\/Capture-decran-2024-04-05-031158.png","datePublished":"2024-04-05T02:29:22+00:00","dateModified":"2025-08-26T02:17:07+00:00","description":"Gestion des cheques est un \u00e9diteur de ch\u00e8ques pour Windows. Il permet d'\u00e9crire \u00e0 l'ordinateur toutes les informations \u00e0 saisir sur le ch\u00e8que","inLanguage":"fr-FR","potentialAction":[{"@type":"ReadAction","target":["https:\/\/wahsoft.com\/"]}]},{"@type":"ImageObject","inLanguage":"fr-FR","@id":"https:\/\/wahsoft.com\/#primaryimage","url":"https:\/\/wahsoft.com\/wp-content\/uploads\/2024\/04\/Capture-decran-2024-04-05-031158.png","contentUrl":"https:\/\/wahsoft.com\/wp-content\/uploads\/2024\/04\/Capture-decran-2024-04-05-031158.png","width":1599,"height":846,"caption":"Aper\u00e7u d'impression"},{"@type":"WebSite","@id":"https:\/\/wahsoft.com\/#website","url":"https:\/\/wahsoft.com\/","name":"WahSoft","description":"","publisher":{"@id":"https:\/\/wahsoft.com\/#organization"},"potentialAction":[{"@type":"SearchAction","target":{"@type":"EntryPoint","urlTemplate":"https:\/\/wahsoft.com\/?s={search_term_string}"},"query-input":{"@type":"PropertyValueSpecification","valueRequired":true,"valueName":"search_term_string"}}],"inLanguage":"fr-FR"},{"@type":"Organization","@id":"https:\/\/wahsoft.com\/#organization","name":"WahSoft","url":"https:\/\/wahsoft.com\/","logo":{"@type":"ImageObject","inLanguage":"fr-FR","@id":"https:\/\/wahsoft.com\/#\/schema\/logo\/image\/","url":"https:\/\/wahsoft.com\/wp-content\/uploads\/2024\/04\/logo11111-e1712284610931.png","contentUrl":"https:\/\/wahsoft.com\/wp-content\/uploads\/2024\/04\/logo11111-e1712284610931.png","width":240,"height":63,"caption":"WahSoft"},"image":{"@id":"https:\/\/wahsoft.com\/#\/schema\/logo\/image\/"},"sameAs":["https:\/\/www.facebook.com\/profile.php?id=61555161760474"]}]}},"_links":{"self":[{"href":"https:\/\/wahsoft.com\/index.php\/wp-json\/wp\/v2\/pages\/183","targetHints":{"allow":["GET"]}}],"collection":[{"href":"https:\/\/wahsoft.com\/index.php\/wp-json\/wp\/v2\/pages"}],"about":[{"href":"https:\/\/wahsoft.com\/index.php\/wp-json\/wp\/v2\/types\/page"}],"author":[{"embeddable":true,"href":"https:\/\/wahsoft.com\/index.php\/wp-json\/wp\/v2\/users\/1"}],"replies":[{"embeddable":true,"href":"https:\/\/wahsoft.com\/index.php\/wp-json\/wp\/v2\/comments?post=183"}],"version-history":[{"count":42,"href":"https:\/\/wahsoft.com\/index.php\/wp-json\/wp\/v2\/pages\/183\/revisions"}],"predecessor-version":[{"id":473,"href":"https:\/\/wahsoft.com\/index.php\/wp-json\/wp\/v2\/pages\/183\/revisions\/473"}],"wp:featuredmedia":[{"embeddable":true,"href":"https:\/\/wahsoft.com\/index.php\/wp-json\/wp\/v2\/media\/188"}],"wp:attachment":[{"href":"https:\/\/wahsoft.com\/index.php\/wp-json\/wp\/v2\/media?parent=183"}],"curies":[{"name":"wp","href":"https:\/\/api.w.org\/{rel}","templated":true}]}}